{"id":10,"date":"2018-11-28T18:43:16","date_gmt":"2018-11-28T17:43:16","guid":{"rendered":"http:\/\/www.atlas-belgique.be\/?page_id=10"},"modified":"2019-09-16T16:56:22","modified_gmt":"2019-09-16T14:56:22","slug":"ressources","status":"publish","type":"page","link":"https:\/\/www.atlas-belgique.be\/index.php\/fr\/ressources\/","title":{"rendered":"Ressources"},"content":{"rendered":"<p><span class=\"byline\">Les ressources en ligne disponibles concernent l&rsquo;application GeoclipAir. Une aide g\u00e9n\u00e9rale sur l&rsquo;utilisation de cette application y est d\u00e9crite. En outre, les autres ressources incluent des dossiers technologiques (WMS) et des dossiers cartographiques (projections cartographiques et entit\u00e9s administratives). Enfin, des donn\u00e9es cartographiques sont disponibles au t\u00e9l\u00e9chargement.<\/span><\/p>\n\n\n<table class=\"atlas_num_table\"><tbody><tr>\n\n<td class=\"atlas_num_table\">\n<div class=\"wp-block-image\"><figure class=\"aligncenter is-resized\"><a href=\"https:\/\/www.atlas-belgique.be\/index.php\/fr\/ressources\/didacticiels\/\" target=\"_blank\" rel=\"noreferrer noopener\"><img loading=\"lazy\" decoding=\"async\" src=\"https:\/\/www.atlas-belgique.be\/wp-content\/uploads\/2019\/02\/icon_help.png\" alt=\"Didacticiels\" class=\"wp-image-1111\" width=\"100\" height=\"100\"><\/a><figcaption class=\"atlas_num_table\">Didacticiels<\/figcaption><\/figure><\/div>\n<\/td>\n\n<td class=\"atlas_num_table\">\n<div class=\"wp-block-image\"><figure class=\"aligncenter is-resized\"><a href=\"https:\/\/www.atlas-belgique.be\/index.php\/fr\/ressources\/dossiers-technologiques\/\" target=\"_blank\" rel=\"noreferrer noopener\"><img loading=\"lazy\" decoding=\"async\" src=\"https:\/\/www.atlas-belgique.be\/wp-content\/uploads\/2019\/02\/icon_techno.png\" alt=\"Dossiers technologiques\" class=\"wp-image-1112\" width=\"100\" height=\"100\"><\/a><figcaption class=\"atlas_num_table\">Dossiers technologiques<br><\/figcaption><\/figure><\/div>\n<\/td>\n\n<td class=\"atlas_num_table\">\n<div class=\"wp-block-image\"><figure class=\"aligncenter is-resized\"><a href=\"https:\/\/www.atlas-belgique.be\/index.php\/fr\/ressources\/dossiers-cartographiques\/\" target=\"_blank\" rel=\"noreferrer noopener\"><img loading=\"lazy\" decoding=\"async\" src=\"https:\/\/www.atlas-belgique.be\/wp-content\/uploads\/2019\/02\/icon_carto.png\" alt=\"Dossiers cartographiques\" class=\"wp-image-1105\" width=\"100\" height=\"100\"><\/a><figcaption class=\"atlas_num_table\">Dossiers cartographiques<br><\/figcaption><\/figure><\/div>\n<\/td>\n\n<td class=\"atlas_num_table\">\n<div class=\"wp-block-image\"><figure class=\"aligncenter is-resized\"><a href=\"https:\/\/www.atlas-belgique.be\/index.php\/fr\/ressources\/donnees-cartographiques\/\" target=\"_blank\" rel=\"noreferrer noopener\"><img loading=\"lazy\" decoding=\"async\" src=\"https:\/\/www.atlas-belgique.be\/wp-content\/uploads\/2019\/02\/icon_download.png\" alt=\"Donn\u00e9es cartographiques\" class=\"wp-image-1113\" width=\"100\" height=\"100\"><\/a><figcaption class=\"atlas_num_table\">Donn\u00e9es cartographiques<br><\/figcaption><\/figure><\/div>\n<\/td>\n\n<td class=\"atlas_num_table\">\n<div class=\"wp-block-image\"><figure class=\"aligncenter is-resized\"><a href=\"https:\/\/www.atlas-belgique.be\/index.php\/fr\/ressources\/donnees-externes\/\" target=\"_blank\" rel=\"noreferrer noopener\"><img loading=\"lazy\" decoding=\"async\" src=\"https:\/\/www.atlas-belgique.be\/wp-content\/uploads\/2019\/02\/icon_download.png\" alt=\"Donn\u00e9es externes\" class=\"wp-image-1110\" width=\"100\" height=\"100\"><\/a><figcaption class=\"atlas_num_table\">Donn\u00e9es externes<br><\/figcaption><\/figure><\/div>\n<\/td>\n\n\n<\/tr><\/tbody><\/table>\n\n\n\n<p><\/p>\n","protected":false},"excerpt":{"rendered":"<p>Les ressources en ligne disponibles concernent l&rsquo;application GeoclipAir. Une aide g\u00e9n\u00e9rale sur l&rsquo;utilisation de cette application y est d\u00e9crite. En outre, les autres ressources incluent des dossiers technologiques (WMS) et des dossiers cartographiques (projections cartographiques et entit\u00e9s administratives). Enfin, des donn\u00e9es cartographiques sont disponibles au t\u00e9l\u00e9chargement. Didacticiels Dossiers technologiques Dossiers cartographiques Donn\u00e9es cartographiques Donn\u00e9es externes<\/p>\n","protected":false},"author":1,"featured_media":0,"parent":0,"menu_order":0,"comment_status":"closed","ping_status":"closed","template":"","meta":{"footnotes":""},"class_list":["post-10","page","type-page","status-publish","hentry"],"_links":{"self":[{"href":"https:\/\/www.atlas-belgique.be\/index.php\/wp-json\/wp\/v2\/pages\/10","targetHints":{"allow":["GET"]}}],"collection":[{"href":"https:\/\/www.atlas-belgique.be\/index.php\/wp-json\/wp\/v2\/pages"}],"about":[{"href":"https:\/\/www.atlas-belgique.be\/index.php\/wp-json\/wp\/v2\/types\/page"}],"author":[{"embeddable":true,"href":"https:\/\/www.atlas-belgique.be\/index.php\/wp-json\/wp\/v2\/users\/1"}],"replies":[{"embeddable":true,"href":"https:\/\/www.atlas-belgique.be\/index.php\/wp-json\/wp\/v2\/comments?post=10"}],"version-history":[{"count":0,"href":"https:\/\/www.atlas-belgique.be\/index.php\/wp-json\/wp\/v2\/pages\/10\/revisions"}],"wp:attachment":[{"href":"https:\/\/www.atlas-belgique.be\/index.php\/wp-json\/wp\/v2\/media?parent=10"}],"curies":[{"name":"wp","href":"https:\/\/api.w.org\/{rel}","templated":true}]}}