{"id":136,"date":"2018-12-04T11:42:24","date_gmt":"2018-12-04T10:42:24","guid":{"rendered":"http:\/\/www.atlas-belgique.be\/?page_id=136"},"modified":"2019-09-17T17:16:31","modified_gmt":"2019-09-17T15:16:31","slug":"ressourcen","status":"publish","type":"page","link":"https:\/\/www.atlas-belgique.be\/index.php\/de\/ressourcen\/","title":{"rendered":"Ressourcen"},"content":{"rendered":"<div><span lang=\"de\">Die verf\u00fcgbaren Online-Ressourcen betreffen die GeoclipAir-App. Allgemeine Hilfe zur Benutzung dieser App ist verf\u00fcgbar. Dar\u00fcber hinaus umfassen die anderen Ressourcen technologische Dateien (WMS) <\/span><span lang=\"de\">und kartografische Dateien (kartografische Projektionen und administrative Einheiten). Ausserdem stehen Kartendaten zum Download zur Verf\u00fcgung.<\/span><\/div>\n<p><span class=\"byline\">\u00a0<\/span><\/p>\n\n\n<table class=\"atlas_num_table\"><tbody><tr>\n\n<td class=\"atlas_num_table\">\n<div class=\"wp-block-image\"><figure class=\"aligncenter is-resized\"><a href=\"https:\/\/www.atlas-belgique.be\/index.php\/de\/ressourcen\/tutorials\/\" target=\"_blank\" rel=\"noreferrer noopener\"><img loading=\"lazy\" decoding=\"async\" src=\"https:\/\/www.atlas-belgique.be\/wp-content\/uploads\/2019\/02\/icon_help.png\" alt=\"Tutorials\" class=\"wp-image-1111\" width=\"100\" height=\"100\"><\/a><figcaption class=\"atlas_num_table\">Tutorials<\/figcaption><\/figure><\/div>\n<\/td>\n\n<td class=\"atlas_num_table\">\n<div class=\"wp-block-image\"><figure class=\"aligncenter is-resized\"><a href=\"https:\/\/www.atlas-belgique.be\/index.php\/de\/ressourcen\/technologische-informationen\/\" target=\"_blank\" rel=\"noreferrer noopener\"><img loading=\"lazy\" decoding=\"async\" src=\"https:\/\/www.atlas-belgique.be\/wp-content\/uploads\/2019\/02\/icon_techno.png\" alt=\"Technologische Informationen\" class=\"wp-image-1112\" width=\"100\" height=\"100\"><\/a><figcaption class=\"atlas_num_table\">Technologische Informationen<br><\/figcaption><\/figure><\/div>\n<\/td>\n\n<td class=\"atlas_num_table\">\n<div class=\"wp-block-image\"><figure class=\"aligncenter is-resized\"><a href=\"https:\/\/www.atlas-belgique.be\/index.php\/de\/ressourcen\/kartographische-informationen\/\" target=\"_blank\" rel=\"noreferrer noopener\"><img loading=\"lazy\" decoding=\"async\" src=\"https:\/\/www.atlas-belgique.be\/wp-content\/uploads\/2019\/02\/icon_carto.png\" alt=\"Kartographische Informationen\" class=\"wp-image-1105\" width=\"100\" height=\"100\"><\/a><figcaption class=\"atlas_num_table\">Kartographische Informationen<br><\/figcaption><\/figure><\/div>\n<\/td>\n\n<td class=\"atlas_num_table\">\n<div class=\"wp-block-image\"><figure class=\"aligncenter is-resized\"><a href=\"https:\/\/www.atlas-belgique.be\/index.php\/de\/ressourcen\/kartographische-daten\/\" target=\"_blank\" rel=\"noreferrer noopener\"><img loading=\"lazy\" decoding=\"async\" src=\"https:\/\/www.atlas-belgique.be\/wp-content\/uploads\/2019\/02\/icon_download.png\" alt=\"Kartographische Daten\" class=\"wp-image-1113\" width=\"100\" height=\"100\"><\/a><figcaption class=\"atlas_num_table\">Kartographische Daten<br><\/figcaption><\/figure><\/div>\n<\/td>\n\n<td class=\"atlas_num_table\">\n<div class=\"wp-block-image\"><figure class=\"aligncenter is-resized\"><a href=\"https:\/\/www.atlas-belgique.be\/index.php\/de\/ressourcen\/andere-informationen\/\" target=\"_blank\" rel=\"noreferrer noopener\"><img loading=\"lazy\" decoding=\"async\" src=\"https:\/\/www.atlas-belgique.be\/wp-content\/uploads\/2019\/02\/icon_download.png\" alt=\"Andere Daten\" class=\"wp-image-1110\" width=\"100\" height=\"100\"><\/a><figcaption class=\"atlas_num_table\">Andere Daten<br><\/figcaption><\/figure><\/div>\n<\/td>\n\n\n<\/tr><\/tbody><\/table>\n\n\n\n<p><\/p>\n\n\n<p><!--EndFragment--><\/p>","protected":false},"excerpt":{"rendered":"<p>Die verf\u00fcgbaren Online-Ressourcen betreffen die GeoclipAir-App. Allgemeine Hilfe zur Benutzung dieser App ist verf\u00fcgbar. Dar\u00fcber hinaus umfassen die anderen Ressourcen technologische Dateien (WMS) und kartografische Dateien (kartografische Projektionen und administrative Einheiten). Ausserdem stehen Kartendaten zum Download zur Verf\u00fcgung. \u00a0 Tutorials Technologische Informationen Kartographische Informationen Kartographische Daten Andere Daten<\/p>\n","protected":false},"author":1,"featured_media":0,"parent":0,"menu_order":0,"comment_status":"closed","ping_status":"closed","template":"","meta":{"footnotes":""},"class_list":["post-136","page","type-page","status-publish","hentry"],"_links":{"self":[{"href":"https:\/\/www.atlas-belgique.be\/index.php\/wp-json\/wp\/v2\/pages\/136","targetHints":{"allow":["GET"]}}],"collection":[{"href":"https:\/\/www.atlas-belgique.be\/index.php\/wp-json\/wp\/v2\/pages"}],"about":[{"href":"https:\/\/www.atlas-belgique.be\/index.php\/wp-json\/wp\/v2\/types\/page"}],"author":[{"embeddable":true,"href":"https:\/\/www.atlas-belgique.be\/index.php\/wp-json\/wp\/v2\/users\/1"}],"replies":[{"embeddable":true,"href":"https:\/\/www.atlas-belgique.be\/index.php\/wp-json\/wp\/v2\/comments?post=136"}],"version-history":[{"count":0,"href":"https:\/\/www.atlas-belgique.be\/index.php\/wp-json\/wp\/v2\/pages\/136\/revisions"}],"wp:attachment":[{"href":"https:\/\/www.atlas-belgique.be\/index.php\/wp-json\/wp\/v2\/media?parent=136"}],"curies":[{"name":"wp","href":"https:\/\/api.w.org\/{rel}","templated":true}]}}