{"id":14,"date":"2018-11-28T18:44:01","date_gmt":"2018-11-28T17:44:01","guid":{"rendered":"http:\/\/www.atlas-belgique.be\/?page_id=14"},"modified":"2019-09-17T13:09:38","modified_gmt":"2019-09-17T11:09:38","slug":"dossiers-technologiques","status":"publish","type":"page","link":"https:\/\/www.atlas-belgique.be\/index.php\/fr\/ressources\/dossiers-technologiques\/","title":{"rendered":"Dossiers technologiques"},"content":{"rendered":"\n<p> Un <a href=\"https:\/\/www.atlas-belgique.be\/dossiers\/WMS.pdf\">document PDF<\/a> synth\u00e9tise ces deux informations WMS et WMTS.<\/p>\n\n\n\n<h2 class=\"wp-block-heading\">WMS<\/h2>\n\n\n\n<p>Le WMS (Web Map Service) est un service de cartographie permettant \u00e0 un utilisateur de visualiser dynamiquement des cartes et des donn\u00e9es g\u00e9or\u00e9f\u00e9renc\u00e9es en interrogeant un serveur.<\/p>\n\n\n\n<h2 class=\"wp-block-heading\">WMTS<\/h2>\n\n\n\n<p>Le Web Tile Map Service (WMTS) est un service de cartographie qui permet \u00e0 un utilisateur de visualiser dynamiquement des cartes g\u00e9or\u00e9f\u00e9renc\u00e9es tuil\u00e9es \u00e0 partir d&rsquo;un serveur de donn\u00e9es. Contrairement au WMS, le WMTS se veut plus rapide et performant.<\/p>\n\n\n\n<h2 class=\"wp-block-heading\">Flash<\/h2>\n\n\n\n<p>La nouvelle application GeoclipAir ne n\u00e9cessite plus Flash Player.<\/p>\n","protected":false},"excerpt":{"rendered":"<p>Un document PDF synth\u00e9tise ces deux informations WMS et WMTS. WMS Le WMS (Web Map Service) est un service de cartographie permettant \u00e0 un utilisateur de visualiser dynamiquement des cartes et des donn\u00e9es g\u00e9or\u00e9f\u00e9renc\u00e9es en interrogeant un serveur. WMTS Le Web Tile Map Service (WMTS) est un service de cartographie qui permet \u00e0 un utilisateur<\/p>\n","protected":false},"author":1,"featured_media":0,"parent":10,"menu_order":0,"comment_status":"closed","ping_status":"closed","template":"","meta":{"footnotes":""},"class_list":["post-14","page","type-page","status-publish","hentry"],"_links":{"self":[{"href":"https:\/\/www.atlas-belgique.be\/index.php\/wp-json\/wp\/v2\/pages\/14","targetHints":{"allow":["GET"]}}],"collection":[{"href":"https:\/\/www.atlas-belgique.be\/index.php\/wp-json\/wp\/v2\/pages"}],"about":[{"href":"https:\/\/www.atlas-belgique.be\/index.php\/wp-json\/wp\/v2\/types\/page"}],"author":[{"embeddable":true,"href":"https:\/\/www.atlas-belgique.be\/index.php\/wp-json\/wp\/v2\/users\/1"}],"replies":[{"embeddable":true,"href":"https:\/\/www.atlas-belgique.be\/index.php\/wp-json\/wp\/v2\/comments?post=14"}],"version-history":[{"count":0,"href":"https:\/\/www.atlas-belgique.be\/index.php\/wp-json\/wp\/v2\/pages\/14\/revisions"}],"up":[{"embeddable":true,"href":"https:\/\/www.atlas-belgique.be\/index.php\/wp-json\/wp\/v2\/pages\/10"}],"wp:attachment":[{"href":"https:\/\/www.atlas-belgique.be\/index.php\/wp-json\/wp\/v2\/media?parent=14"}],"curies":[{"name":"wp","href":"https:\/\/api.w.org\/{rel}","templated":true}]}}