{"id":145,"date":"2018-12-04T11:57:27","date_gmt":"2018-12-04T10:57:27","guid":{"rendered":"http:\/\/www.atlas-belgique.be\/?page_id=145"},"modified":"2021-08-19T16:38:13","modified_gmt":"2021-08-19T14:38:13","slug":"tutorials","status":"publish","type":"page","link":"https:\/\/www.atlas-belgique.be\/index.php\/de\/ressourcen\/tutorials\/","title":{"rendered":"Tutorials"},"content":{"rendered":"<h4><span lang=\"de\">Einf\u00fchrung<\/span><\/h4>\n<p><span lang=\"de\">Die neue GeoclipAir-App erm\u00f6glicht viele Aktionen. Eine kurze <a href=\"https:\/\/www.atlas-belgique.be\/geoclipair\/web\/?lang=de#c=help\">Einf\u00fchrung<\/a> (EN) zur GeoclipAir-App ist vorhanden.<\/span><\/p>\n\n\n<ul class=\"wp-block-list\"><li>Die Beschreibung des <a href=\"https:\/\/www.youtube.com\/watch?v=bEiMwh2FIxU&amp;feature=youtu.be\">Bereichs \u00ab\u00a0Indikatoren\u00a0\u00bb<\/a> finden Sie hier (FR).<\/li><li>Die Beschreibung des <a href=\"https:\/\/www.youtube.com\/watch?v=RPKZIfxmsaI&amp;feature=youtu.be\">Bereichs \u00ab\u00a0Zoning\u00a0\u00bb<\/a> finden Sie hier (FR).<\/li><li>Die Beschreibung des <a href=\"https:\/\/www.youtube.com\/watch?v=fVpqOpHdC4M&amp;feature=youtu.be\">Bereichs \u00ab\u00a0Externe Daten\u00a0\u00bb<\/a> finden Sie hier (FR).<\/li><\/ul>\n\n\n\n<h4 class=\"wp-block-heading\">Tutorial \u00fcber den Atlas von Belgien, vorgeschlagen von GeoclipAir.<\/h4>\n\n\n\n<p>Das Video beschreibt die Anwendung von GeoclipAir im Hinblick auf die Navigation und die Verwendung der thematischen Karten des Atlas von Belgien.<\/p>\n\n\n\n<ul class=\"wp-block-list\"><li>Link zum <a href=\"https:\/\/youtu.be\/uF3_WGNW_48\" target=\"_blank\" rel=\"noreferrer noopener\">Video <\/a>(EN)<\/li><\/ul>\n\n\n\n<h4 class=\"wp-block-heading\">8. Belgische Geographentage &#8211; Samstag, 19. Oktober 2019 &#8211; Lehrertag<\/h4>\n\n\n\n<p>Die neue Version des Nationalatlas-Portals.<\/p>\n\n\n\n<ul class=\"wp-block-list\"><li>Link zur <a rel=\"noreferrer noopener\" href=\"https:\/\/www.atlas-belgique.be\/dossiers\/20191019_Anabel-BGdays-FR_4-3.pdf\" target=\"_blank\">PDF-Pr\u00e4sentation<\/a> (FR)<\/li><li>Link zur <a rel=\"noreferrer noopener\" href=\"https:\/\/www.atlas-belgique.be\/dossiers\/20191019_Anabel-BGdays-Tab-B2.xlsx\" target=\"_blank\">Excel-Tabelle<\/a> (FR)<\/li><\/ul>\n","protected":false},"excerpt":{"rendered":"<p>Einf\u00fchrung Die neue GeoclipAir-App erm\u00f6glicht viele Aktionen. Eine kurze Einf\u00fchrung (EN) zur GeoclipAir-App ist vorhanden. Die Beschreibung des Bereichs \u00ab\u00a0Indikatoren\u00a0\u00bb finden Sie hier (FR). Die Beschreibung des Bereichs \u00ab\u00a0Zoning\u00a0\u00bb finden Sie hier (FR). Die Beschreibung des Bereichs \u00ab\u00a0Externe Daten\u00a0\u00bb finden Sie hier (FR). Tutorial \u00fcber den Atlas von Belgien, vorgeschlagen von GeoclipAir. Das Video beschreibt<\/p>\n","protected":false},"author":1,"featured_media":0,"parent":136,"menu_order":0,"comment_status":"closed","ping_status":"closed","template":"","meta":{"footnotes":""},"class_list":["post-145","page","type-page","status-publish","hentry"],"_links":{"self":[{"href":"https:\/\/www.atlas-belgique.be\/index.php\/wp-json\/wp\/v2\/pages\/145","targetHints":{"allow":["GET"]}}],"collection":[{"href":"https:\/\/www.atlas-belgique.be\/index.php\/wp-json\/wp\/v2\/pages"}],"about":[{"href":"https:\/\/www.atlas-belgique.be\/index.php\/wp-json\/wp\/v2\/types\/page"}],"author":[{"embeddable":true,"href":"https:\/\/www.atlas-belgique.be\/index.php\/wp-json\/wp\/v2\/users\/1"}],"replies":[{"embeddable":true,"href":"https:\/\/www.atlas-belgique.be\/index.php\/wp-json\/wp\/v2\/comments?post=145"}],"version-history":[{"count":9,"href":"https:\/\/www.atlas-belgique.be\/index.php\/wp-json\/wp\/v2\/pages\/145\/revisions"}],"predecessor-version":[{"id":23581,"href":"https:\/\/www.atlas-belgique.be\/index.php\/wp-json\/wp\/v2\/pages\/145\/revisions\/23581"}],"up":[{"embeddable":true,"href":"https:\/\/www.atlas-belgique.be\/index.php\/wp-json\/wp\/v2\/pages\/136"}],"wp:attachment":[{"href":"https:\/\/www.atlas-belgique.be\/index.php\/wp-json\/wp\/v2\/media?parent=145"}],"curies":[{"name":"wp","href":"https:\/\/api.w.org\/{rel}","templated":true}]}}