{"id":154,"date":"2018-12-04T13:43:38","date_gmt":"2018-12-04T12:43:38","guid":{"rendered":"http:\/\/www.atlas-belgique.be\/?page_id=154"},"modified":"2020-03-23T11:47:35","modified_gmt":"2020-03-23T10:47:35","slug":"dossiers-cartographiques","status":"publish","type":"page","link":"https:\/\/www.atlas-belgique.be\/index.php\/fr\/ressources\/dossiers-cartographiques\/","title":{"rendered":"Dossiers cartographiques"},"content":{"rendered":"<p>Diff\u00e9rents dossiers cartographiques sont disponibles ci-dessous.<\/p>\n<ul>\n<li><a href=\"https:\/\/www.atlas-belgique.be\/atlas_papier\/atlas3e\/atlas3_guide_lecture_FR.pdf\" target=\"_blank\" rel=\"noopener noreferrer\">Guide de lecture du Troisi\u00e8me Atlas de Belgique (\u00e9dition papier)<\/a><\/li>\n<li><a href=\"https:\/\/www.atlas-belgique.be\/dossiers\/DossierLambertBelge.pdf\" target=\"_blank\" rel=\"noopener noreferrer\">Syst\u00e8mes g\u00e9od\u00e9siques et projections Lambert Belge<\/a><\/li>\n<li><a href=\"https:\/\/www.atlas-belgique.be\/dossiers\/adm_structu_FR.pdf\" target=\"_blank\" rel=\"noopener noreferrer\">Divisions administratives<\/a><\/li>\n<\/ul>\n\n\n<p><\/p>\n","protected":false},"excerpt":{"rendered":"<p>Diff\u00e9rents dossiers cartographiques sont disponibles ci-dessous. Guide de lecture du Troisi\u00e8me Atlas de Belgique (\u00e9dition papier) Syst\u00e8mes g\u00e9od\u00e9siques et projections Lambert Belge Divisions administratives<\/p>\n","protected":false},"author":1,"featured_media":0,"parent":10,"menu_order":0,"comment_status":"closed","ping_status":"closed","template":"","meta":{"footnotes":""},"class_list":["post-154","page","type-page","status-publish","hentry"],"_links":{"self":[{"href":"https:\/\/www.atlas-belgique.be\/index.php\/wp-json\/wp\/v2\/pages\/154","targetHints":{"allow":["GET"]}}],"collection":[{"href":"https:\/\/www.atlas-belgique.be\/index.php\/wp-json\/wp\/v2\/pages"}],"about":[{"href":"https:\/\/www.atlas-belgique.be\/index.php\/wp-json\/wp\/v2\/types\/page"}],"author":[{"embeddable":true,"href":"https:\/\/www.atlas-belgique.be\/index.php\/wp-json\/wp\/v2\/users\/1"}],"replies":[{"embeddable":true,"href":"https:\/\/www.atlas-belgique.be\/index.php\/wp-json\/wp\/v2\/comments?post=154"}],"version-history":[{"count":2,"href":"https:\/\/www.atlas-belgique.be\/index.php\/wp-json\/wp\/v2\/pages\/154\/revisions"}],"predecessor-version":[{"id":23007,"href":"https:\/\/www.atlas-belgique.be\/index.php\/wp-json\/wp\/v2\/pages\/154\/revisions\/23007"}],"up":[{"embeddable":true,"href":"https:\/\/www.atlas-belgique.be\/index.php\/wp-json\/wp\/v2\/pages\/10"}],"wp:attachment":[{"href":"https:\/\/www.atlas-belgique.be\/index.php\/wp-json\/wp\/v2\/media?parent=154"}],"curies":[{"name":"wp","href":"https:\/\/api.w.org\/{rel}","templated":true}]}}