{"id":158,"date":"2018-12-04T13:44:11","date_gmt":"2018-12-04T12:44:11","guid":{"rendered":"http:\/\/www.atlas-belgique.be\/?page_id=158"},"modified":"2020-03-23T11:47:12","modified_gmt":"2020-03-23T10:47:12","slug":"cartografische-informatie","status":"publish","type":"page","link":"https:\/\/www.atlas-belgique.be\/index.php\/nl\/hulpmiddelen\/cartografische-informatie\/","title":{"rendered":"Cartografische informatie"},"content":{"rendered":"<p>Verschillende mapbestanden zijn hieronder beschikbaar.<\/p>\n<ul>\n<li><a href=\"https:\/\/www.atlas-belgique.be\/atlas_papier\/atlas3e\/atlas3_leeswijzer_NL.pdf\" target=\"_blank\" rel=\"noopener noreferrer\">Leeswijzer van de Derde Atlas van Belgi\u00eb (papieren versie)<\/a><\/li>\n<li><a href=\"https:\/\/www.atlas-belgique.be\/dossiers\/DossierLambertBelge.pdf\" target=\"_blank\" rel=\"noopener noreferrer\">Syst\u00e8mes g\u00e9od\u00e9siques et projections Lambert Belge (FR)<\/a><\/li>\n<li><a href=\"https:\/\/www.atlas-belgique.be\/dossiers\/adm_structu_NL.pdf\" target=\"_blank\" rel=\"noopener noreferrer\">Administratieve structuur van Belgi\u00eb<\/a><\/li>\n<\/ul>\n\n\n<p><\/p>\n","protected":false},"excerpt":{"rendered":"<p>Verschillende mapbestanden zijn hieronder beschikbaar. Leeswijzer van de Derde Atlas van Belgi\u00eb (papieren versie) Syst\u00e8mes g\u00e9od\u00e9siques et projections Lambert Belge (FR) Administratieve structuur van Belgi\u00eb<\/p>\n","protected":false},"author":1,"featured_media":0,"parent":133,"menu_order":0,"comment_status":"closed","ping_status":"closed","template":"","meta":{"footnotes":""},"class_list":["post-158","page","type-page","status-publish","hentry"],"_links":{"self":[{"href":"https:\/\/www.atlas-belgique.be\/index.php\/wp-json\/wp\/v2\/pages\/158","targetHints":{"allow":["GET"]}}],"collection":[{"href":"https:\/\/www.atlas-belgique.be\/index.php\/wp-json\/wp\/v2\/pages"}],"about":[{"href":"https:\/\/www.atlas-belgique.be\/index.php\/wp-json\/wp\/v2\/types\/page"}],"author":[{"embeddable":true,"href":"https:\/\/www.atlas-belgique.be\/index.php\/wp-json\/wp\/v2\/users\/1"}],"replies":[{"embeddable":true,"href":"https:\/\/www.atlas-belgique.be\/index.php\/wp-json\/wp\/v2\/comments?post=158"}],"version-history":[{"count":2,"href":"https:\/\/www.atlas-belgique.be\/index.php\/wp-json\/wp\/v2\/pages\/158\/revisions"}],"predecessor-version":[{"id":23006,"href":"https:\/\/www.atlas-belgique.be\/index.php\/wp-json\/wp\/v2\/pages\/158\/revisions\/23006"}],"up":[{"embeddable":true,"href":"https:\/\/www.atlas-belgique.be\/index.php\/wp-json\/wp\/v2\/pages\/133"}],"wp:attachment":[{"href":"https:\/\/www.atlas-belgique.be\/index.php\/wp-json\/wp\/v2\/media?parent=158"}],"curies":[{"name":"wp","href":"https:\/\/api.w.org\/{rel}","templated":true}]}}