{"id":162,"date":"2018-12-04T13:46:07","date_gmt":"2018-12-04T12:46:07","guid":{"rendered":"http:\/\/www.atlas-belgique.be\/?page_id=162"},"modified":"2021-01-04T11:14:54","modified_gmt":"2021-01-04T10:14:54","slug":"donnees-cartographiques","status":"publish","type":"page","link":"https:\/\/www.atlas-belgique.be\/index.php\/fr\/ressources\/donnees-cartographiques\/","title":{"rendered":"Donn\u00e9es cartographiques"},"content":{"rendered":"<h2>Donn\u00e9es vectorielles<\/h2>\n<p>Les donn\u00e9es suivantes sont t\u00e9l\u00e9chargeables sous forme d&rsquo;une archive (.rar) comprenant 4 fichiers (.shp, .shx, .dbf et .prj) soit en Lambert Belge 1972 soit en Lambert Belge 2008.<\/p>\n\n\n<table class=\"atlas_pap_1e_table\">\n<thead> <!-- En-t\u00eate du tableau -->\n       <tr>\n           <th class=\"atlas_pap_1e_table_head_c1\">Titres<\/th>\n           <th class=\"atlas_pap_1e_table_head_c2c3\">Lambert 1972<\/th>\n           <th class=\"atlas_pap_1e_table_head_c2c3\">Lambert 2008<\/th>\n       <\/tr>\n   <\/thead>\n<\/table>\n\n\n\n<table class=\"atlas_pap_1e_table\">\n   <tbody> <!-- Corps du tableau -->\n<tr>\n           <td class=\"atlas_pap_1e_table_bodyc1\">Divisions administratives: sections statistiques<\/a><\/td>\n           <td class=\"atlas_pap_1e_table_bodyc2c3\"><a class=\"table_link\" href=\"\/cartodata\/Sections_72.rar\">Lien<\/a><\/td>\n           <td class=\"atlas_pap_1e_table_bodyc2c3\"><a class=\"table_link\" href=\"\/cartodata\/Sections_08.rar\">Lien<\/a><\/td>\n       <\/tr>\n<tr>\n           <td class=\"atlas_pap_1e_table_bodyc1\">Divisions administratives: communes<\/a><\/td>\n           <td class=\"atlas_pap_1e_table_bodyc2c3\"><a class=\"table_link\" href=\"\/cartodata\/communes_L72.rar\">Lien<\/a><\/td>\n           <td class=\"atlas_pap_1e_table_bodyc2c3\"><a class=\"table_link\" href=\"\/cartodata\/communes_L08.rar\">Lien<\/a><\/td>\n       <\/tr>\n<tr>\n           <td class=\"atlas_pap_1e_table_bodyc1\">Divisions administratives: arrondissements<\/a><\/td>\n           <td class=\"atlas_pap_1e_table_bodyc2c3\"><a class=\"table_link\" href=\"\/cartodata\/Arrondissements_72.rar\">Lien<\/a><\/td>\n           <td class=\"atlas_pap_1e_table_bodyc2c3\"><a class=\"table_link\" href=\"\/cartodata\/Arrondissements_08.rar\">Lien<\/a><\/td>\n       <\/tr>\n<tr>\n           <td class=\"atlas_pap_1e_table_bodyc1\">Divisions administratives: cantons<\/a><\/td>\n           <td class=\"atlas_pap_1e_table_bodyc2c3\"><a class=\"table_link\" href=\"\/cartodata\/cantons1_L72.rar\">Lien<\/a><\/td>\n           <td class=\"atlas_pap_1e_table_bodyc2c3\"><a class=\"table_link\" href=\"\/cartodata\/cantons1_L08.rar\">Lien<\/a><\/td>\n       <\/tr>\n<tr>\n           <td class=\"atlas_pap_1e_table_bodyc1\">Divisions administratives: cantons apr\u00e8s scission BHV<\/a><\/td>\n           <td class=\"atlas_pap_1e_table_bodyc2c3\"><a class=\"table_link\" href=\"\/cartodata\/cantons2_L72.rar\">Lien<\/a><\/td>\n           <td class=\"atlas_pap_1e_table_bodyc2c3\"><a class=\"table_link\" href=\"\n\/cartodata\/cantons2_L08.rar\">Lien<\/a><\/td>\n       <\/tr>\n<tr>\n           <td class=\"atlas_pap_1e_table_bodyc1\">Divisions administratives: provinces<\/a><\/td>\n           <td class=\"atlas_pap_1e_table_bodyc2c3\"><a class=\"table_link\" href=\"\/cartodata\/provinces_L72.rar\">Lien<\/a><\/td>\n           <td class=\"atlas_pap_1e_table_bodyc2c3\"><a class=\"table_link\" href=\"\/cartodata\/provinces_L08.rar\">Lien<\/a><\/td>\n       <\/tr>\n<tr>\n           <td class=\"atlas_pap_1e_table_bodyc1\">Divisions administratives: r\u00e9gions<\/a><\/td>\n           <td class=\"atlas_pap_1e_table_bodyc2c3\"><a class=\"table_link\" href=\"\/cartodata\/Regions_72.rar\">Lien<\/a><\/td>\n           <td class=\"atlas_pap_1e_table_bodyc2c3\"><a class=\"table_link\" href=\"\/cartodata\/Regions_08.rar\">Lien<\/a><\/td>\n       <\/tr>\n<tr>\n           <td class=\"atlas_pap_1e_table_bodyc1\">R\u00e9seau routier: autoroutes<\/a><\/td>\n           <td class=\"atlas_pap_1e_table_bodyc2c3\"><a class=\"table_link\" href=\"\/cartodata\/Autoroutes_72.rar\">Lien<\/a><\/td>\n           <td class=\"atlas_pap_1e_table_bodyc2c3\"><a class=\"table_link\" href=\"\/cartodata\/Autoroutes_08.rar\">Lien<\/a><\/td>\n       <\/tr>\n<tr>\n           <td class=\"atlas_pap_1e_table_bodyc1\">R\u00e9seau routier: routes principales<\/a><\/td>\n           <td class=\"atlas_pap_1e_table_bodyc2c3\"><a class=\"table_link\" href=\"\/cartodata\/Routes_72.rar\">Lien<\/a><\/td>\n           <td class=\"atlas_pap_1e_table_bodyc2c3\"><a class=\"table_link\" href=\"\/cartodata\/Routes_08.rar\">Lien<\/a><\/td>\n       <\/tr>\n<tr>\n           <td class=\"atlas_pap_1e_table_bodyc1\">R\u00e9seau ferroviaire: lignes de chemin de fer<\/a><\/td>\n           <td class=\"atlas_pap_1e_table_bodyc2c3\"><a class=\"table_link\" href=\"\/cartodata\/Ch_Fer_LB72.zip\">Lien<\/a><\/td>\n           <td class=\"atlas_pap_1e_table_bodyc2c3\"><a class=\"table_link\" href=\"\/cartodata\/Ch_Fer_LB08.zip\">Lien<\/a><\/td>\n       <\/tr>\n<tr>\n           <td class=\"atlas_pap_1e_table_bodyc1\">R\u00e9seau ferroviaire: gares<\/a><\/td>\n           <td class=\"atlas_pap_1e_table_bodyc2c3\"><a class=\"table_link\" href=\"\/cartodata\/Gares_72.rar\">Lien<\/a><\/td>\n           <td class=\"atlas_pap_1e_table_bodyc2c3\"><a class=\"table_link\" href=\"\/cartodata\/Gares_08.rar\">Lien<\/a><\/td>\n       <\/tr>\n<tr>\n           <td class=\"atlas_pap_1e_table_bodyc1\">R\u00e9seau hydrographique: principaux cours d&rsquo;eau<\/a><\/td>\n           <td class=\"atlas_pap_1e_table_bodyc2c3\"><a class=\"table_link\" href=\"\/cartodata\/Hydro_72.rar\">Lien<\/a><\/td>\n           <td class=\"atlas_pap_1e_table_bodyc2c3\"><a class=\"table_link\" href=\"\/cartodata\/Hydro_08.rar\">Lien<\/a><\/td>\n       <\/tr>\n<tr>\n           <td class=\"atlas_pap_1e_table_bodyc1\">R\u00e9seau hydrographique: voies navigables<\/a><\/td>\n           <td class=\"atlas_pap_1e_table_bodyc2c3\"><a class=\"table_link\" href=\"\/cartodata\/Navi_72.rar\">Lien<\/a><\/td>\n           <td class=\"atlas_pap_1e_table_bodyc2c3\"><a class=\"table_link\" href=\"\/cartodata\/Navi_08.rar\">Lien<\/a><\/td>\n       <\/tr>\n<tr>\n           <td class=\"atlas_pap_1e_table_bodyc1\">\u00c9lements ponctuels: villes principales<\/a><\/td>\n           <td class=\"atlas_pap_1e_table_bodyc2c3\"><a class=\"table_link\" href=\"\/cartodata\/Villes_72.rar\">Lien<\/a><\/td>\n           <td class=\"atlas_pap_1e_table_bodyc2c3\"><a class=\"table_link\" href=\"\/cartodata\/Villes_08.rar\">Lien<\/a><\/td>\n       <\/tr>\n<tr>\n           <td class=\"atlas_pap_1e_table_bodyc1\">\u00c9lements ponctuels: a\u00e9roports<\/a><\/td>\n           <td class=\"atlas_pap_1e_table_bodyc2c3\"><a class=\"table_link\" href=\"\/cartodata\/Aeroport_72.rar\">Lien<\/a><\/td>\n           <td class=\"atlas_pap_1e_table_bodyc2c3\"><a class=\"table_link\" href=\"\/cartodata\/Aeroport_08.rar\">Lien<\/a><\/td>\n       <\/tr>\n<tr>\n           <td class=\"atlas_pap_1e_table_bodyc1\">\u00c9lements ponctuels: universit\u00e9s<\/a><\/td>\n           <td class=\"atlas_pap_1e_table_bodyc2c3\"><a class=\"table_link\" href=\"\/cartodata\/Universite_72.rar\">Lien<\/a><\/td>\n           <td class=\"atlas_pap_1e_table_bodyc2c3\"><a class=\"table_link\" href=\"\/cartodata\/Universites_08.rar\">Lien<\/a><\/td>\n       <\/tr>\n<tr>\n           <td class=\"atlas_pap_1e_table_bodyc1\">\u00c9lements ponctuels: parcs scientifiques<\/a><\/td>\n           <td class=\"atlas_pap_1e_table_bodyc2c3\"><a class=\"table_link\" href=\"\/cartodata\/Parcs_72.rar\">Lien<\/a><\/td>\n           <td class=\"atlas_pap_1e_table_bodyc2c3\"><a class=\"table_link\" href=\"\/cartodata\/Parcs_08.rar\">Lien<\/a><\/td>\n       <\/tr>\n    \n   <\/tbody>\n<\/table>\n\n\n\n<h6 class=\"wp-block-heading\">Sources : IGN &#8211; Administrative Map version 3 &#8211; 1999, INS &#8211; Sections Statistiques &#8211; 2006, Unit\u00e9 de G\u00e9omatique &#8211; ULG &#8211; 2012<\/h6>\n","protected":false},"excerpt":{"rendered":"<p>Donn\u00e9es vectorielles Les donn\u00e9es suivantes sont t\u00e9l\u00e9chargeables sous forme d&rsquo;une archive (.rar) comprenant 4 fichiers (.shp, .shx, .dbf et .prj) soit en Lambert Belge 1972 soit en Lambert Belge 2008. Titres Lambert 1972 Lambert 2008 Divisions administratives: sections statistiques Lien Lien Divisions administratives: communes Lien Lien Divisions administratives: arrondissements Lien Lien Divisions administratives: cantons Lien<\/p>\n","protected":false},"author":1,"featured_media":0,"parent":10,"menu_order":0,"comment_status":"closed","ping_status":"closed","template":"","meta":{"footnotes":""},"class_list":["post-162","page","type-page","status-publish","hentry"],"_links":{"self":[{"href":"https:\/\/www.atlas-belgique.be\/index.php\/wp-json\/wp\/v2\/pages\/162","targetHints":{"allow":["GET"]}}],"collection":[{"href":"https:\/\/www.atlas-belgique.be\/index.php\/wp-json\/wp\/v2\/pages"}],"about":[{"href":"https:\/\/www.atlas-belgique.be\/index.php\/wp-json\/wp\/v2\/types\/page"}],"author":[{"embeddable":true,"href":"https:\/\/www.atlas-belgique.be\/index.php\/wp-json\/wp\/v2\/users\/1"}],"replies":[{"embeddable":true,"href":"https:\/\/www.atlas-belgique.be\/index.php\/wp-json\/wp\/v2\/comments?post=162"}],"version-history":[{"count":2,"href":"https:\/\/www.atlas-belgique.be\/index.php\/wp-json\/wp\/v2\/pages\/162\/revisions"}],"predecessor-version":[{"id":23553,"href":"https:\/\/www.atlas-belgique.be\/index.php\/wp-json\/wp\/v2\/pages\/162\/revisions\/23553"}],"up":[{"embeddable":true,"href":"https:\/\/www.atlas-belgique.be\/index.php\/wp-json\/wp\/v2\/pages\/10"}],"wp:attachment":[{"href":"https:\/\/www.atlas-belgique.be\/index.php\/wp-json\/wp\/v2\/media?parent=162"}],"curies":[{"name":"wp","href":"https:\/\/api.w.org\/{rel}","templated":true}]}}