{"id":3179,"date":"2019-05-16T11:38:01","date_gmt":"2019-05-16T09:38:01","guid":{"rendered":"http:\/\/www.atlas-belgique.be\/?page_id=3179"},"modified":"2019-05-16T14:16:12","modified_gmt":"2019-05-16T12:16:12","slug":"landwirtschaft","status":"publish","type":"page","link":"https:\/\/www.atlas-belgique.be\/index.php\/de\/numerischer-atlas\/landwirtschaft\/","title":{"rendered":"Landschaft und Landwirtschaft"},"content":{"rendered":"<h3>Fl\u00e4chennutzung<\/h3><p><\/p><h3>Fl\u00e4chennutzung: Entwicklung<\/h3><p><\/p><h3>Agricultural holdings<\/h3><p><\/p><h3>Erg\u00e4nzende Aktivit\u00e4ten<\/h3><p><\/p><h3>Kulturen und ihre Entwicklungen<\/h3><p><\/p><h3>Viehbestand und seine Entwicklung<\/h3><p><\/p><h3>Orientierung der Betriebe - OTE<\/h3><p><a href=\"https:\/\/www.atlas-belgique.be\/geoclipair\/web\/?lang=de#c=indicator&i=ote.n_ote10&view=map1\">Anteil der auf Ackerbau spezialisierten Betriebe im Verh\u00e4ltnis zur Gesamtzahl der Betriebe<\/a><br \/><a href=\"https:\/\/www.atlas-belgique.be\/geoclipair\/web\/?lang=de#c=indicator&i=ote.n_ote21&view=map1\">Anteil der Anzahl der Gartenbaubetriebe in Innenr\u00e4umen an der Gesamtzahl der Betriebe<\/a><br \/><a href=\"https:\/\/www.atlas-belgique.be\/geoclipair\/web\/?lang=de#c=indicator&i=ote.n_ote22&view=map1\">Anteil der Anzahl der Gartenbaubetriebe im Freien an der Gesamtzahl der Betriebe<\/a><br \/><a href=\"https:\/\/www.atlas-belgique.be\/geoclipair\/web\/?lang=de#c=indicator&i=ote.n_ote23&view=map1\">Anteil der Betriebe mit anderen Gartenbauarten an der Gesamtzahl der Betriebe<\/a><br \/><a href=\"https:\/\/www.atlas-belgique.be\/geoclipair\/web\/?lang=de#c=indicator&i=ote.n_ote30&view=map1\">Anteil der auf Dauerkulturen spezialisierten Betriebe an der Gesamtzahl der Betriebe<\/a><br \/><a href=\"https:\/\/www.atlas-belgique.be\/geoclipair\/web\/?lang=de#c=indicator&i=ote.n_ote40&view=map1\">Anteil der auf Weidevieh spezialisierten Betriebe an der Gesamtzahl der Betriebe<\/a><br \/><a href=\"https:\/\/www.atlas-belgique.be\/geoclipair\/web\/?lang=de#c=indicator&i=ote.n_ote50&view=map1\">Anteil der spezialisierten nicht bodengebundenen Tierhaltungsbetriebe (K\u00f6rnerfresser) an der Gesamtzahl der Betriebe<\/a><br \/><a href=\"https:\/\/www.atlas-belgique.be\/geoclipair\/web\/?lang=de#c=indicator&i=ote.n_ote60&view=map1\">Anteil der Polykulturbetriebe an der Gesamtzahl der Betriebe<\/a><br \/><a href=\"https:\/\/www.atlas-belgique.be\/geoclipair\/web\/?lang=de#c=indicator&i=ote.n_ote73&view=map1\">Anteil der Anzahl der landwirtschaftlichen Betriebe mit Weideviehhaltung an der Gesamtzahl der Betriebe<\/a><br \/><a href=\"https:\/\/www.atlas-belgique.be\/geoclipair\/web\/?lang=de#c=indicator&i=ote.n_ote74&view=map1\">Anteil der Anzahl der granivorenorientierten Betriebe an der Gesamtzahl der Betriebe<\/a><br \/><a href=\"https:\/\/www.atlas-belgique.be\/geoclipair\/web\/?lang=de#c=indicator&i=ote.n_ote80&view=map1\">Anteil der Mischkultur- und Viehzuchtbetriebe an der Gesamtzahl der Betriebe<\/a><br \/><a href=\"https:\/\/www.atlas-belgique.be\/geoclipair\/web\/?lang=de#c=indicator&i=ote.sn_ote10&view=map1\">Durchschnittliche Fl\u00e4che der auf Feldfr\u00fcchte spezialisierten Betriebe<\/a><br \/><a href=\"https:\/\/www.atlas-belgique.be\/geoclipair\/web\/?lang=de#c=indicator&i=ote.sn_ote21&view=map1\">Anteil der Fl\u00e4che spezialisierter Gartenbaubetriebe unter Glas an der gesamten regionalen LF<\/a><br \/><a href=\"https:\/\/www.atlas-belgique.be\/geoclipair\/web\/?lang=de#c=indicator&i=ote.sn_ote22&view=map1\">Anteil der Fl\u00e4che spezialisierter Freiland-Gartenbaubetriebe an der gesamten regionalen LF<\/a><br \/><a href=\"https:\/\/www.atlas-belgique.be\/geoclipair\/web\/?lang=de#c=indicator&i=ote.sn_ote23&view=map1\">Durchschnittliche Fl\u00e4che der Gartenbaubetriebe mit anderen Arten von Gartenbau<\/a><br \/><a href=\"https:\/\/www.atlas-belgique.be\/geoclipair\/web\/?lang=de#c=indicator&i=ote.sn_ote30&view=map1\">Durchschnittliche Fl\u00e4che der auf Dauerkulturen spezialisierten Betriebe<\/a><br \/><a href=\"https:\/\/www.atlas-belgique.be\/geoclipair\/web\/?lang=de#c=indicator&i=ote.sn_ote40&view=map1\">Durchschnittliche Fl\u00e4che der auf Weidevieh spezialisierten Betriebe<\/a><br \/><a href=\"https:\/\/www.atlas-belgique.be\/geoclipair\/web\/?lang=de#c=indicator&i=ote.sn_ote50&view=map1\">Durchschnittliche Fl\u00e4che der spezialisierten au\u00dferlandwirtschaftlichen Tierhaltungsbetriebe (K\u00f6rnerfresser)<\/a><br \/><a href=\"https:\/\/www.atlas-belgique.be\/geoclipair\/web\/?lang=de#c=indicator&i=ote.sn_ote60&view=map1\">Durchschnittliche Gr\u00f6\u00dfe der Polykulturbetriebe<\/a><br \/><a href=\"https:\/\/www.atlas-belgique.be\/geoclipair\/web\/?lang=de#c=indicator&i=ote.sn_ote73&view=map1\">Durchschnittliche Fl\u00e4che der Tierhaltungsbetriebe mit Weideviehhaltung<\/a><br \/><a href=\"https:\/\/www.atlas-belgique.be\/geoclipair\/web\/?lang=de#c=indicator&i=ote.sn_ote74&view=map1\">Durchschnittliche Fl\u00e4che der Mehrnutzungsbetriebe mit Granivorenausrichtung<\/a><br \/><a href=\"https:\/\/www.atlas-belgique.be\/geoclipair\/web\/?lang=de#c=indicator&i=ote.sn_ote80&view=map1\">Durchschnittliche Fl\u00e4che von Betrieben mit gemischter Landwirtschaft und Viehzucht<\/a><br \/><a href=\"https:\/\/www.atlas-belgique.be\/geoclipair\/web\/?lang=de#c=indicator&i=ote.s_ote10&view=map1\">Anteil der Fl\u00e4che der auf Ackerbau spezialisierten landwirtschaftlichen Betriebe an der gesamten regionalen LF<\/a><br \/><a href=\"https:\/\/www.atlas-belgique.be\/geoclipair\/web\/?lang=de#c=indicator&i=ote.s_ote21&view=map1\">Durchschnittliche Fl\u00e4che der spezialisierten Gartenbaubetriebe unter Glas<\/a><br \/><a href=\"https:\/\/www.atlas-belgique.be\/geoclipair\/web\/?lang=de#c=indicator&i=ote.s_ote22&view=map1\">Durchschnittliche Fl\u00e4che der spezialisierten Freiland-Gartenbaubetriebe<\/a><br \/><a href=\"https:\/\/www.atlas-belgique.be\/geoclipair\/web\/?lang=de#c=indicator&i=ote.s_ote23&view=map1\">Anteil der Fl\u00e4che der sonstigen Gartenbaubetriebe an der gesamten regionalen LF<\/a><br \/><a href=\"https:\/\/www.atlas-belgique.be\/geoclipair\/web\/?lang=de#c=indicator&i=ote.s_ote30&view=map1\">Anteil der Fl\u00e4che der auf Dauerkulturen spezialisierten Betriebe im Verh\u00e4ltnis zur gesamten regionalen LF<\/a><br \/><a href=\"https:\/\/www.atlas-belgique.be\/geoclipair\/web\/?lang=de#c=indicator&i=ote.s_ote40&view=map1\">Anteil der Fl\u00e4che der auf Weideviehhaltung spezialisierten Betriebe an der gesamten regionalen LF<\/a><br \/><a href=\"https:\/\/www.atlas-belgique.be\/geoclipair\/web\/?lang=de#c=indicator&i=ote.s_ote50&view=map1\">Anteil der Fl\u00e4che von Betrieben, die auf die Produktion von Tieren au\u00dferhalb des Bodens (K\u00f6rnerfresser) spezialisiert sind, an der gesamten regionalen LF<\/a><br \/><a href=\"https:\/\/www.atlas-belgique.be\/geoclipair\/web\/?lang=de#c=indicator&i=ote.s_ote60&view=map1\">Anteil der Fl\u00e4che der auf gemischte Landwirtschaft spezialisierten Betriebe im Verh\u00e4ltnis zur gesamten regionalen LF<\/a><br \/><a href=\"https:\/\/www.atlas-belgique.be\/geoclipair\/web\/?lang=de#c=indicator&i=ote.s_ote73&view=map1\">Anteil der Fl\u00e4che der Betriebe mit polyvalenter Ausrichtung im Verh\u00e4ltnis zur gesamten regionalen LF<\/a><br \/><a href=\"https:\/\/www.atlas-belgique.be\/geoclipair\/web\/?lang=de#c=indicator&i=ote.s_ote74&view=map1\">Anteil der Fl\u00e4che der auf K\u00f6rnerfresser ausgerichteten Tierhaltungsbetriebe an der gesamten regionalen LF<\/a><br \/><a href=\"https:\/\/www.atlas-belgique.be\/geoclipair\/web\/?lang=de#c=indicator&i=ote.s_ote80&view=map1\">Anteil der Fl\u00e4che der gemischten Pflanzenbau- und Viehzuchtbetriebe an der gesamten regionalen LF<\/a><br \/><\/p><h3>Landwirtschaftliche Betriebe nach Produktionsart<\/h3><p><\/p>\n","protected":false},"excerpt":{"rendered":"","protected":false},"author":1,"featured_media":0,"parent":116,"menu_order":10,"comment_status":"closed","ping_status":"closed","template":"","meta":{"footnotes":""},"class_list":["post-3179","page","type-page","status-publish","hentry"],"_links":{"self":[{"href":"https:\/\/www.atlas-belgique.be\/index.php\/wp-json\/wp\/v2\/pages\/3179","targetHints":{"allow":["GET"]}}],"collection":[{"href":"https:\/\/www.atlas-belgique.be\/index.php\/wp-json\/wp\/v2\/pages"}],"about":[{"href":"https:\/\/www.atlas-belgique.be\/index.php\/wp-json\/wp\/v2\/types\/page"}],"author":[{"embeddable":true,"href":"https:\/\/www.atlas-belgique.be\/index.php\/wp-json\/wp\/v2\/users\/1"}],"replies":[{"embeddable":true,"href":"https:\/\/www.atlas-belgique.be\/index.php\/wp-json\/wp\/v2\/comments?post=3179"}],"version-history":[{"count":0,"href":"https:\/\/www.atlas-belgique.be\/index.php\/wp-json\/wp\/v2\/pages\/3179\/revisions"}],"up":[{"embeddable":true,"href":"https:\/\/www.atlas-belgique.be\/index.php\/wp-json\/wp\/v2\/pages\/116"}],"wp:attachment":[{"href":"https:\/\/www.atlas-belgique.be\/index.php\/wp-json\/wp\/v2\/media?parent=3179"}],"curies":[{"name":"wp","href":"https:\/\/api.w.org\/{rel}","templated":true}]}}