{"id":3196,"date":"2019-05-16T11:44:31","date_gmt":"2019-05-16T09:44:31","guid":{"rendered":"http:\/\/www.atlas-belgique.be\/?page_id=3196"},"modified":"2019-05-16T13:13:40","modified_gmt":"2019-05-16T11:13:40","slug":"wohnverhaltnisse","status":"publish","type":"page","link":"https:\/\/www.atlas-belgique.be\/index.php\/de\/numerischer-atlas\/wohnverhaltnisse\/","title":{"rendered":"Wohnverh\u00e4ltnisse"},"content":{"rendered":"<h3>Fl\u00e4che der Geb\u00e4uden<\/h3><p><a href=\"https:\/\/www.atlas-belgique.be\/geoclipair\/web\/?lang=de#c=indicator&i=sup_bat.bat_appart&view=map1\">Totale Fl\u00e4che von Wohnungen<\/a><br \/><a href=\"https:\/\/www.atlas-belgique.be\/geoclipair\/web\/?lang=de#c=indicator&i=sup_bat.bat_bur&view=map1\">Totale Fl\u00e4che von B\u00fcrogeb\u00e4uden<\/a><br \/><a href=\"https:\/\/www.atlas-belgique.be\/geoclipair\/web\/?lang=de#c=indicator&i=sup_bat.bat_chat&view=map1\">Totale Fl\u00e4che von Burgen<\/a><br \/><a href=\"https:\/\/www.atlas-belgique.be\/geoclipair\/web\/?lang=de#c=indicator&i=sup_bat.bat_com&view=map1\">Totale Fl\u00e4che von Gesch\u00e4ften<\/a><br \/><a href=\"https:\/\/www.atlas-belgique.be\/geoclipair\/web\/?lang=de#c=indicator&i=sup_bat.bat_culte&view=map1\">Totale Fl\u00e4che von Kultbauten<\/a><br \/><a href=\"https:\/\/www.atlas-belgique.be\/geoclipair\/web\/?lang=de#c=indicator&i=sup_bat.bat_culture&view=map1\">Totale Fl\u00e4che von Geb\u00e4uden f\u00fcr kulturell, freizeitbesch\u00e4ftigungen und sportlich Gebrauch<\/a><br \/><a href=\"https:\/\/www.atlas-belgique.be\/geoclipair\/web\/?lang=de#c=indicator&i=sup_bat.bat_ens&view=map1\">Totale Fl\u00e4che von Geb\u00e4uden f\u00fcr den Unterricht<\/a><br \/><a href=\"https:\/\/www.atlas-belgique.be\/geoclipair\/web\/?lang=de#c=indicator&i=sup_bat.bat_hab&view=map1\">Totale Fl\u00e4che von Wohnh\u00e4usern<\/a><br \/><a href=\"https:\/\/www.atlas-belgique.be\/geoclipair\/web\/?lang=de#c=indicator&i=sup_bat.bat_hor&view=map1\">Totale Fl\u00e4che von Hotels, Restaurants und Caf\u00e9s (HoReCa)<\/a><br \/><a href=\"https:\/\/www.atlas-belgique.be\/geoclipair\/web\/?lang=de#c=indicator&i=sup_bat.bat_ind&view=map1\">Gesamtfl\u00e4che von Industrie- und Gewerbegeb\u00e4uden<\/a><br \/><a href=\"https:\/\/www.atlas-belgique.be\/geoclipair\/web\/?lang=de#c=indicator&i=sup_bat.bat_public&view=map1\">Totale Fl\u00e4che von \u00f6ffentlicher Geb\u00e4uden<\/a><br \/><a href=\"https:\/\/www.atlas-belgique.be\/geoclipair\/web\/?lang=de#c=indicator&i=sup_bat.bat_soc&view=map1\">Totale Fl\u00e4che von Geb\u00e4uden f\u00fcr soziale und Krankenhaus Gebrauch<\/a><br \/><a href=\"https:\/\/www.atlas-belgique.be\/geoclipair\/web\/?lang=de#c=indicator&i=sup_bat.part_appart&view=map1\">Anteil der Wohnungsfl\u00e4che an der Gesamtfl\u00e4che der Bebauung<\/a><br \/><a href=\"https:\/\/www.atlas-belgique.be\/geoclipair\/web\/?lang=de#c=indicator&i=sup_bat.part_bur&view=map1\">Anteil der B\u00fcrofl\u00e4che an der gesamten bebauten Fl\u00e4che<\/a><br \/><a href=\"https:\/\/www.atlas-belgique.be\/geoclipair\/web\/?lang=de#c=indicator&i=sup_bat.part_chat&view=map1\">Anteil der Schlossfl\u00e4che an der Gesamtfl\u00e4che der Bebauung<\/a><br \/><a href=\"https:\/\/www.atlas-belgique.be\/geoclipair\/web\/?lang=de#c=indicator&i=sup_bat.part_com&view=map1\">Anteil der Gesch\u00e4ftsfl\u00e4che an der Gesamtfl\u00e4che der Bebauung<\/a><br \/><a href=\"https:\/\/www.atlas-belgique.be\/geoclipair\/web\/?lang=de#c=indicator&i=sup_bat.part_culte&view=map1\">Anteil der Fl\u00e4che von Kultgeb\u00e4uden an der gesamten bebauten Fl\u00e4che<\/a><br \/><a href=\"https:\/\/www.atlas-belgique.be\/geoclipair\/web\/?lang=de#c=indicator&i=sup_bat.part_culture&view=map1\">Anteil der Fl\u00e4che von Kulturgeb\u00e4uden an der gesamten bebauten Fl\u00e4che<\/a><br \/><a href=\"https:\/\/www.atlas-belgique.be\/geoclipair\/web\/?lang=de#c=indicator&i=sup_bat.part_ens&view=map1\">Anteil der Fl\u00e4che von Bildungsgeb\u00e4uden an der gesamten bebauten Fl\u00e4che<\/a><br \/><a href=\"https:\/\/www.atlas-belgique.be\/geoclipair\/web\/?lang=de#c=indicator&i=sup_bat.part_hab&view=map1\">Anteil der urbanisierten Fl\u00e4che mit Wohnbebauung<\/a><br \/><a href=\"https:\/\/www.atlas-belgique.be\/geoclipair\/web\/?lang=de#c=indicator&i=sup_bat.part_hab&view=map1\">Anteil der Wohnfl\u00e4che an der gesamten bebauten Fl\u00e4che<\/a><br \/><a href=\"https:\/\/www.atlas-belgique.be\/geoclipair\/web\/?lang=de#c=indicator&i=sup_bat.part_ind&view=map1\">Anteil der Fl\u00e4che von Industrie- und Handwerksgeb\u00e4uden an der gesamten bebauten Fl\u00e4che<\/a><br \/><a href=\"https:\/\/www.atlas-belgique.be\/geoclipair\/web\/?lang=de#c=indicator&i=sup_bat.part_public&view=map1\">Anteil der Fl\u00e4che \u00f6ffentlicher Geb\u00e4ude an der gesamten bebauten Fl\u00e4che<\/a><br \/><a href=\"https:\/\/www.atlas-belgique.be\/geoclipair\/web\/?lang=de#c=indicator&i=sup_bat.part_soc&view=map1\">Anteil der Fl\u00e4che von Sozial- und Krankenhausgeb\u00e4uden an der gesamten bebauten Fl\u00e4che<\/a><br \/><a href=\"https:\/\/www.atlas-belgique.be\/geoclipair\/web\/?lang=de#c=indicator&i=sup_bat.sup_hor&view=map1\">Anteil der HoReCa-Fl\u00e4che an der Gesamtfl\u00e4che der Bebauung<\/a><br \/><\/p><h3>Land use evolution<\/h3><p><\/p><h3>Katastereinkommen<\/h3><p><a href=\"https:\/\/www.atlas-belgique.be\/geoclipair\/web\/?lang=de#c=indicator&i=rev_cad.prev_cad_1&view=map1\">Anteil der Wohnungen am gesamten Katastereinkommen<\/a><br \/><a href=\"https:\/\/www.atlas-belgique.be\/geoclipair\/web\/?lang=de#c=indicator&i=rev_cad.rev_cad_1&view=map1\">Katastereinkommen der Wohnh\u00e4usern<\/a><br \/><a href=\"https:\/\/www.atlas-belgique.be\/geoclipair\/web\/?lang=de#c=indicator&i=rev_cad.rev_cad_12&view=map1\">Katastereinkommen der \u00f6ffentlicher Geb\u00e4uden<\/a><br \/><a href=\"https:\/\/www.atlas-belgique.be\/geoclipair\/web\/?lang=de#c=indicator&i=rev_cad.rev_cad_2&view=map1\">Katastereinkommen der Wohnungen<\/a><br \/><a href=\"https:\/\/www.atlas-belgique.be\/geoclipair\/web\/?lang=de#c=indicator&i=rev_cad.rev_cad_3&view=map1\">Katastereinkommen der Gesch\u00e4ften<\/a><br \/><a href=\"https:\/\/www.atlas-belgique.be\/geoclipair\/web\/?lang=de#c=indicator&i=rev_cad.rev_cad_4&view=map1\">Katastereinkommen der industriellen Geb\u00e4uden<\/a><br \/><a href=\"https:\/\/www.atlas-belgique.be\/geoclipair\/web\/?lang=de#c=indicator&i=rev_cad.rev_cad_5&view=map1\">Katastereinkommen der B\u00fcrogeb\u00e4uden<\/a><br \/><a href=\"https:\/\/www.atlas-belgique.be\/geoclipair\/web\/?lang=de#c=indicator&i=rev_cad.rev_cad_6&view=map1\">Katastereinkommen der Hotels, der Restaurants und der Caf\u00e9s (HoReCa)<\/a><br \/><a href=\"https:\/\/www.atlas-belgique.be\/geoclipair\/web\/?lang=de#c=indicator&i=rev_cad.rev_cad_tot&view=map1\">Summe aller Katastereinnahmen<\/a><br \/><\/p><h3>Dwelling size<\/h3><p><\/p><h3>Flats by build period<\/h3><p><\/p><h3>Individual houses by build period<\/h3><p><\/p><h3>Dwellings by build period<\/h3><p><\/p><h3>Vermietete Wohnungen<\/h3><p><\/p><h3>Building permits<\/h3><p><\/p><h3>Real estate prices<\/h3><p><a href=\"https:\/\/www.atlas-belgique.be\/geoclipair\/web\/?lang=de#c=indicator&i=immo.app_prixmoy&view=map1\">Average selling price of flats<\/a><br \/><a href=\"https:\/\/www.atlas-belgique.be\/geoclipair\/web\/?lang=de#c=indicator&i=immo.hab_prixmoy&view=map1\">Average selling price of ordinary houses<\/a><br \/><\/p><h3>G\u00e4rten<\/h3><p><\/p><h3>Evolution real estate prices<\/h3><p><a href=\"https:\/\/www.atlas-belgique.be\/geoclipair\/web\/?lang=de#c=indicator&i=immoevo.evo_app_prixmoy&view=map1\">Evolution in 10 years of the average selling price of flats<\/a><br \/><a href=\"https:\/\/www.atlas-belgique.be\/geoclipair\/web\/?lang=de#c=indicator&i=immoevo.evo_hab_prixmoy&view=map1\">Evolution in 10 years of the average selling price of ordinary houses<\/a><br \/><a href=\"https:\/\/www.atlas-belgique.be\/geoclipair\/web\/?lang=de#c=indicator&i=immoevo.evo_terr_prixmoy_m2&view=map1\">Evolution in 10 years of the average selling price of building lands<\/a><br \/><\/p><h3>Types of dwellings by build period<\/h3><p><\/p>\n","protected":false},"excerpt":{"rendered":"","protected":false},"author":1,"featured_media":0,"parent":116,"menu_order":20,"comment_status":"closed","ping_status":"closed","template":"","meta":{"footnotes":""},"class_list":["post-3196","page","type-page","status-publish","hentry"],"_links":{"self":[{"href":"https:\/\/www.atlas-belgique.be\/index.php\/wp-json\/wp\/v2\/pages\/3196","targetHints":{"allow":["GET"]}}],"collection":[{"href":"https:\/\/www.atlas-belgique.be\/index.php\/wp-json\/wp\/v2\/pages"}],"about":[{"href":"https:\/\/www.atlas-belgique.be\/index.php\/wp-json\/wp\/v2\/types\/page"}],"author":[{"embeddable":true,"href":"https:\/\/www.atlas-belgique.be\/index.php\/wp-json\/wp\/v2\/users\/1"}],"replies":[{"embeddable":true,"href":"https:\/\/www.atlas-belgique.be\/index.php\/wp-json\/wp\/v2\/comments?post=3196"}],"version-history":[{"count":0,"href":"https:\/\/www.atlas-belgique.be\/index.php\/wp-json\/wp\/v2\/pages\/3196\/revisions"}],"up":[{"embeddable":true,"href":"https:\/\/www.atlas-belgique.be\/index.php\/wp-json\/wp\/v2\/pages\/116"}],"wp:attachment":[{"href":"https:\/\/www.atlas-belgique.be\/index.php\/wp-json\/wp\/v2\/media?parent=3196"}],"curies":[{"name":"wp","href":"https:\/\/api.w.org\/{rel}","templated":true}]}}