{"id":3512,"date":"2019-05-16T13:20:12","date_gmt":"2019-05-16T11:20:12","guid":{"rendered":"http:\/\/www.atlas-belgique.be\/?page_id=3512"},"modified":"2019-05-16T13:35:18","modified_gmt":"2019-05-16T11:35:18","slug":"wirtschaftsaktivitaten","status":"publish","type":"page","link":"https:\/\/www.atlas-belgique.be\/index.php\/de\/numerischer-atlas\/wirtschaftsaktivitaten\/","title":{"rendered":"Wirtschaftsaktivit\u00e4ten"},"content":{"rendered":"<h3>Bruttoinlandsprodukt<\/h3><p><\/p><h3>Mehrwert<\/h3><p><\/p><h3>Employment LSS by sector<\/h3><p><\/p><h3>Evolution employment LSS by sector<\/h3><p><\/p><h3>Employment LSS by indutrial sector<\/h3><p><\/p><h3>Anstellung - Selbst\u00e4ndige<\/h3><p><a href=\"https:\/\/www.atlas-belgique.be\/geoclipair\/web\/?lang=de#c=indicator&i=inasti.n_indp_allsect&view=map1\">Total number of self-employed workers as a secondary occupation<\/a><br \/><a href=\"https:\/\/www.atlas-belgique.be\/geoclipair\/web\/?lang=de#c=indicator&i=inasti.n_inds_allsect&view=map1\">Total number of self-employed workers a principal occupation<\/a><br \/><a href=\"https:\/\/www.atlas-belgique.be\/geoclipair\/web\/?lang=de#c=indicator&i=inasti.n_inds_indp&view=map1\">Total number of self-employed workers, pensioners not included<\/a><br \/><a href=\"https:\/\/www.atlas-belgique.be\/geoclipair\/web\/?lang=de#c=indicator&i=inasti.p_indp_sect1et2&view=map1\">Proportion of self-employed people as a principal activity working in the agriculture and fishery sector<\/a><br \/><a href=\"https:\/\/www.atlas-belgique.be\/geoclipair\/web\/?lang=de#c=indicator&i=inasti.p_indp_sect3&view=map1\">Proportion of self-employed people as a principal activity working in the industry and craft sector<\/a><br \/><a href=\"https:\/\/www.atlas-belgique.be\/geoclipair\/web\/?lang=de#c=indicator&i=inasti.p_indp_sect4et6&view=map1\">Proportion of self-employed people as a principal activity working in the trade and services sector<\/a><br \/><a href=\"https:\/\/www.atlas-belgique.be\/geoclipair\/web\/?lang=de#c=indicator&i=inasti.p_indp_sect5&view=map1\">Proportion of self-employed people as a principal activity working in the liberal professions sector<\/a><br \/><a href=\"https:\/\/www.atlas-belgique.be\/geoclipair\/web\/?lang=de#c=indicator&i=inasti.p_inds_allsect&view=map1\">Proportion of self-employed workers in a secondary occupation<\/a><br \/><\/p><h3>Erwerbsbev\u00f6lkerung und Arbeitslosigkeit<\/h3><p><a href=\"https:\/\/www.atlas-belgique.be\/geoclipair\/web\/?lang=de#c=indicator&i=emploi.part_aidants&view=map1\">Anteil der mitarbeitenden (Ehepartner) an der gesamten Erwerbsbev\u00f6lkerung<\/a><br \/><a href=\"https:\/\/www.atlas-belgique.be\/geoclipair\/web\/?lang=de#c=indicator&i=emploi.part_indep&view=map1\">Anteil der Selbst\u00e4ndigen an der gesamten Erwerbsbev\u00f6lkerung<\/a><br \/><a href=\"https:\/\/www.atlas-belgique.be\/geoclipair\/web\/?lang=de#c=indicator&i=emploi.part_salaries&view=map1\">Anteil der besch\u00e4ftigten Arbeitnehmer an der gesamten Erwerbsbev\u00f6lkerung<\/a><br \/><a href=\"https:\/\/www.atlas-belgique.be\/geoclipair\/web\/?lang=de#c=indicator&i=emploi.tactiv&view=map1\">Erwerbsbeteiligungsquote: Anteil der Erwerbsbev\u00f6lkerung (besch\u00e4ftigt oder arbeitslos und aktiv auf Arbeitssuche) an der Bev\u00f6lkerung im Alter von 15 bis 64 Jahren<\/a><br \/><a href=\"https:\/\/www.atlas-belgique.be\/geoclipair\/web\/?lang=de#c=indicator&i=emploi.tchomage&view=map1\">Arbeitslosenquote: Anteil der Arbeitslosen an der gesamten Erwerbsbev\u00f6lkerung (Besch\u00e4ftigte und Arbeitslose)<\/a><br \/><a href=\"https:\/\/www.atlas-belgique.be\/geoclipair\/web\/?lang=de#c=indicator&i=emploi.temploi&view=map1\">Besch\u00e4ftigungsquote: Anteil der Bev\u00f6lkerung im Alter von 15 bis 64 Jahren, der besch\u00e4ftigt ist<\/a><br \/><\/p><h3>Erwerbsbev\u00f6lkerung und sozio\u00f6konomische Stellung (Volksz\u00e4hlung 2011)<\/h3><p><\/p><h3>Tourismus<\/h3><p><a href=\"https:\/\/www.atlas-belgique.be\/geoclipair\/web\/?lang=de#c=indicator&i=tour.arrivees&view=map1\">Anzahl der Touristenank\u00fcnfte<\/a><br \/><a href=\"https:\/\/www.atlas-belgique.be\/geoclipair\/web\/?lang=de#c=indicator&i=tour.arriv_pop&view=map1\">Zahl der Touristenank\u00fcnfte pro 100 Einwohner der Gesamtbev\u00f6lkerung am 1. Januar<\/a><br \/><a href=\"https:\/\/www.atlas-belgique.be\/geoclipair\/web\/?lang=de#c=indicator&i=tour.lits_etabl&view=map1\">Durchschnittliche Anzahl der Betten pro Tourismusbetrieb<\/a><br \/><a href=\"https:\/\/www.atlas-belgique.be\/geoclipair\/web\/?lang=de#c=indicator&i=tour.nuitees&view=map1\">Anzahl der Touristen\u00fcbernachtungen<\/a><br \/><a href=\"https:\/\/www.atlas-belgique.be\/geoclipair\/web\/?lang=de#c=indicator&i=tour.nuits_arriv&view=map1\">Durchschnittliche Aufenthaltsdauer (Anzahl der \u00dcbernachtungen von Touristen im Verh\u00e4ltnis zur Anzahl der Ank\u00fcnfte von Touristen)Average duration of stay (number of overnight stays \/ number of tourist arrivals)<\/a><br \/><a href=\"https:\/\/www.atlas-belgique.be\/geoclipair\/web\/?lang=de#c=indicator&i=tour.nuits_pop&view=map1\">Zahl der Touristen\u00fcbernachtungen je 100 Einwohner der Gesamtbev\u00f6lkerung am 1. Januar<\/a><br \/><\/p><h3>Tourismus: Entwicklung<\/h3><p><a href=\"https:\/\/www.atlas-belgique.be\/geoclipair\/web\/?lang=de#c=indicator&i=tourevo.arriv_evo&view=map1\">Entwicklung der Zahl der Touristenank\u00fcnfte zwischen 2007 und 2014<\/a><br \/><a href=\"https:\/\/www.atlas-belgique.be\/geoclipair\/web\/?lang=de#c=indicator&i=tourevo.nuits_arriv_evo&view=map1\">Entwicklung der durchschnittlichen Aufenthaltsdauer zwischen 2007 und 2014<\/a><br \/><a href=\"https:\/\/www.atlas-belgique.be\/geoclipair\/web\/?lang=de#c=indicator&i=tourevo.nuits_evo&view=map1\">Entwicklung der Zahl der \u00dcbernachtungen zwischen 2007 und 2014<\/a><br \/><\/p>\n","protected":false},"excerpt":{"rendered":"","protected":false},"author":1,"featured_media":0,"parent":116,"menu_order":40,"comment_status":"closed","ping_status":"closed","template":"","meta":{"footnotes":""},"class_list":["post-3512","page","type-page","status-publish","hentry"],"_links":{"self":[{"href":"https:\/\/www.atlas-belgique.be\/index.php\/wp-json\/wp\/v2\/pages\/3512","targetHints":{"allow":["GET"]}}],"collection":[{"href":"https:\/\/www.atlas-belgique.be\/index.php\/wp-json\/wp\/v2\/pages"}],"about":[{"href":"https:\/\/www.atlas-belgique.be\/index.php\/wp-json\/wp\/v2\/types\/page"}],"author":[{"embeddable":true,"href":"https:\/\/www.atlas-belgique.be\/index.php\/wp-json\/wp\/v2\/users\/1"}],"replies":[{"embeddable":true,"href":"https:\/\/www.atlas-belgique.be\/index.php\/wp-json\/wp\/v2\/comments?post=3512"}],"version-history":[{"count":0,"href":"https:\/\/www.atlas-belgique.be\/index.php\/wp-json\/wp\/v2\/pages\/3512\/revisions"}],"up":[{"embeddable":true,"href":"https:\/\/www.atlas-belgique.be\/index.php\/wp-json\/wp\/v2\/pages\/116"}],"wp:attachment":[{"href":"https:\/\/www.atlas-belgique.be\/index.php\/wp-json\/wp\/v2\/media?parent=3512"}],"curies":[{"name":"wp","href":"https:\/\/api.w.org\/{rel}","templated":true}]}}