{"id":3580,"date":"2019-05-16T13:37:02","date_gmt":"2019-05-16T11:37:02","guid":{"rendered":"http:\/\/www.atlas-belgique.be\/?page_id=3580"},"modified":"2019-05-16T13:37:03","modified_gmt":"2019-05-16T11:37:03","slug":"bevolkerung","status":"publish","type":"page","link":"https:\/\/www.atlas-belgique.be\/index.php\/de\/numerischer-atlas\/bevolkerung\/","title":{"rendered":"Bev\u00f6lkerung"},"content":{"rendered":"<h3>Gesamtbev\u00f6lkerung<\/h3><p><\/p><h3>Nationalit\u00e4t<\/h3><p><\/p><h3>Bev\u00f6lkerungsdynamik<\/h3><p><\/p><h3>Haushalte<\/h3><p><\/p><h3>Educational attainment<\/h3><p><\/p><h3>Age structure<\/h3><p><a href=\"https:\/\/www.atlas-belgique.be\/geoclipair\/web\/?lang=de#c=indicator&i=popsexage.f0_14&view=map1\">Weibliche Bev\u00f6lkerung unter 15 Jahren<\/a><br \/><a href=\"https:\/\/www.atlas-belgique.be\/geoclipair\/web\/?lang=de#c=indicator&i=popsexage.f15_64&view=map1\">Weibliche Bev\u00f6lkerung im Alter von 15 bis 64 Jahren<\/a><br \/><a href=\"https:\/\/www.atlas-belgique.be\/geoclipair\/web\/?lang=de#c=indicator&i=popsexage.f65&view=map1\">Weibliche Bev\u00f6lkerung ab 65 Jahren<\/a><br \/><a href=\"https:\/\/www.atlas-belgique.be\/geoclipair\/web\/?lang=de#c=indicator&i=popsexage.h0_14&view=map1\">M\u00e4nnliche Bev\u00f6lkerung im Alter von 0 bis 14 Jahren<\/a><br \/><a href=\"https:\/\/www.atlas-belgique.be\/geoclipair\/web\/?lang=de#c=indicator&i=popsexage.h15_64&view=map1\">M\u00e4nnliche Bev\u00f6lkerung im Alter von 15 bis 64 Jahren<\/a><br \/><a href=\"https:\/\/www.atlas-belgique.be\/geoclipair\/web\/?lang=de#c=indicator&i=popsexage.h65&view=map1\">M\u00e4nnliche Bev\u00f6lkerung ab 65 Jahren<\/a><br \/><a href=\"https:\/\/www.atlas-belgique.be\/geoclipair\/web\/?lang=de#c=indicator&i=popsexage.p_f0_14&view=map1\">Anteil der weiblichen Bev\u00f6lkerung unter 15 Jahren an der Gesamtbev\u00f6lkerung<\/a><br \/><a href=\"https:\/\/www.atlas-belgique.be\/geoclipair\/web\/?lang=de#c=indicator&i=popsexage.p_f15_64&view=map1\">Anteil der weiblichen Bev\u00f6lkerung im Alter von 15\u201364 Jahren an der Gesamtbev\u00f6lkerung<\/a><br \/><a href=\"https:\/\/www.atlas-belgique.be\/geoclipair\/web\/?lang=de#c=indicator&i=popsexage.p_f65&view=map1\">Anteil der weiblichen Bev\u00f6lkerung ab 65 Jahren an der Bev\u00f6lkerung<\/a><br \/><a href=\"https:\/\/www.atlas-belgique.be\/geoclipair\/web\/?lang=de#c=indicator&i=popsexage.p_h0_14&view=map1\">Anteil der m\u00e4nnlichen Bev\u00f6lkerung im Alter von 0-14 Jahren an der Gesamtbev\u00f6lkerung<\/a><br \/><a href=\"https:\/\/www.atlas-belgique.be\/geoclipair\/web\/?lang=de#c=indicator&i=popsexage.p_h15_64&view=map1\">Anteil der m\u00e4nnlichen Bev\u00f6lkerung im Alter von 15 bis 64 Jahren an der Gesamtbev\u00f6lkerung<\/a><br \/><a href=\"https:\/\/www.atlas-belgique.be\/geoclipair\/web\/?lang=de#c=indicator&i=popsexage.p_h65&view=map1\">Anteil der m\u00e4nnlichen Bev\u00f6lkerung ab 65 Jahren an der Gesamtbev\u00f6lkerung<\/a><br \/><a href=\"https:\/\/www.atlas-belgique.be\/geoclipair\/web\/?lang=de#c=indicator&i=popsexage.p_t0_14&view=map1\">Anteil der Bev\u00f6lkerung unter 15 Jahren an der Gesamtbev\u00f6lkerung<\/a><br \/><a href=\"https:\/\/www.atlas-belgique.be\/geoclipair\/web\/?lang=de#c=indicator&i=popsexage.p_t15_64&view=map1\">Anteil der Bev\u00f6lkerung im Alter von 15 bis 64 Jahren an der Gesamtbev\u00f6lkerung<\/a><br \/><a href=\"https:\/\/www.atlas-belgique.be\/geoclipair\/web\/?lang=de#c=indicator&i=popsexage.p_t65&view=map1\">Anteil der \u00fcber 64-J\u00e4hrigen an der Gesamtbev\u00f6lkerung<\/a><br \/><a href=\"https:\/\/www.atlas-belgique.be\/geoclipair\/web\/?lang=de#c=indicator&i=popsexage.t0_14&view=map1\">Bev\u00f6lkerung unter 15 Jahren<\/a><br \/><a href=\"https:\/\/www.atlas-belgique.be\/geoclipair\/web\/?lang=de#c=indicator&i=popsexage.t15_64&view=map1\">Bev\u00f6lkerung im Alter von 15 bis 64 Jahren<\/a><br \/><a href=\"https:\/\/www.atlas-belgique.be\/geoclipair\/web\/?lang=de#c=indicator&i=popsexage.t65&view=map1\">Bev\u00f6lkerung ab 65 Jahren<\/a><br \/><a href=\"https:\/\/www.atlas-belgique.be\/geoclipair\/web\/?lang=de#c=indicator&i=popsexage.txdep&view=map1\">Demografische Abh\u00e4ngigkeitsrate (Bev\u00f6lkerung unter 15 und \u00fcber 64 Jahren \/ Bev\u00f6lkerung im Alter von 15 bis 64 Jahren)<\/a><br \/><a href=\"https:\/\/www.atlas-belgique.be\/geoclipair\/web\/?lang=de#c=indicator&i=popsexage.txdepv&view=map1\">Altersabh\u00e4ngigkeitsquote (Bev\u00f6lkerung \u00fcber 64 Jahre \/ Bev\u00f6lkerung im Alter von 14 bis 64 Jahren)<\/a><br \/><a href=\"https:\/\/www.atlas-belgique.be\/geoclipair\/web\/?lang=de#c=indicator&i=popsexage.txsenil&view=map1\">Senilit\u00e4tskoeffizient (Bev\u00f6lkerung 65 Jahre und \u00e4lter\/weniger als 15 Jahre)<\/a><br \/><\/p><h3>Age structure - evolution<\/h3><p><\/p><h3>Typology age structure<\/h3><p><\/p><h3>Steuereinnahmen<\/h3><p><\/p><h3>Verkehr<\/h3><p><\/p>\n","protected":false},"excerpt":{"rendered":"","protected":false},"author":1,"featured_media":0,"parent":116,"menu_order":50,"comment_status":"closed","ping_status":"closed","template":"","meta":{"footnotes":""},"class_list":["post-3580","page","type-page","status-publish","hentry"],"_links":{"self":[{"href":"https:\/\/www.atlas-belgique.be\/index.php\/wp-json\/wp\/v2\/pages\/3580","targetHints":{"allow":["GET"]}}],"collection":[{"href":"https:\/\/www.atlas-belgique.be\/index.php\/wp-json\/wp\/v2\/pages"}],"about":[{"href":"https:\/\/www.atlas-belgique.be\/index.php\/wp-json\/wp\/v2\/types\/page"}],"author":[{"embeddable":true,"href":"https:\/\/www.atlas-belgique.be\/index.php\/wp-json\/wp\/v2\/users\/1"}],"replies":[{"embeddable":true,"href":"https:\/\/www.atlas-belgique.be\/index.php\/wp-json\/wp\/v2\/comments?post=3580"}],"version-history":[{"count":0,"href":"https:\/\/www.atlas-belgique.be\/index.php\/wp-json\/wp\/v2\/pages\/3580\/revisions"}],"up":[{"embeddable":true,"href":"https:\/\/www.atlas-belgique.be\/index.php\/wp-json\/wp\/v2\/pages\/116"}],"wp:attachment":[{"href":"https:\/\/www.atlas-belgique.be\/index.php\/wp-json\/wp\/v2\/media?parent=3580"}],"curies":[{"name":"wp","href":"https:\/\/api.w.org\/{rel}","templated":true}]}}