{"id":820,"date":"2019-02-14T00:57:01","date_gmt":"2019-02-13T23:57:01","guid":{"rendered":"http:\/\/www.atlas-belgique.be\/?page_id=820"},"modified":"2019-02-14T00:57:01","modified_gmt":"2019-02-13T23:57:01","slug":"geographie-politique","status":"publish","type":"page","link":"https:\/\/www.atlas-belgique.be\/index.php\/fr\/atlas-numerique\/geographie-politique\/","title":{"rendered":"G\u00e9ographie politique"},"content":{"rendered":"<h3>Divisions administratives<\/h3><p><\/p><h3>\u00c9lections f\u00e9d\u00e9rales (\u00e0 partir de 2024)<\/h3><p><\/p><h3>\u00c9lections f\u00e9d\u00e9rales (\u00e0 partir de 2019)<\/h3><p><a href=\"https:\/\/www.atlas-belgique.be\/geoclipair\/web\/?lang=fr#c=indicator&i=fede2019.cathfed_fo&view=map1\">R\u00e9sultats des sociaux-chr\u00e9tiens aux \u00e9lections f\u00e9d\u00e9rales - Chambre<\/a><br \/><a href=\"https:\/\/www.atlas-belgique.be\/geoclipair\/web\/?lang=fr#c=indicator&i=fede2019.cathfed_fo&view=map1\">R\u00e9sultats des sociaux-chr\u00e9tiens et des centristes aux \u00e9lections f\u00e9d\u00e9rales - Chambre<\/a><br \/><a href=\"https:\/\/www.atlas-belgique.be\/geoclipair\/web\/?lang=fr#c=indicator&i=fede2019.cathfed_fo&view=map1\">R\u00e9sultats des sociaux-chr\u00e9tiens aux \u00e9lections f\u00e9d\u00e9rales - Chambre<\/a><br \/><a href=\"https:\/\/www.atlas-belgique.be\/geoclipair\/web\/?lang=fr#c=indicator&i=fede2019.ecofed_fo&view=map1\">R\u00e9sultats des \u00e9cologistes aux \u00e9lections f\u00e9d\u00e9rales - Chambre<\/a><br \/><a href=\"https:\/\/www.atlas-belgique.be\/geoclipair\/web\/?lang=fr#c=indicator&i=fede2019.ecofed_fo&view=map1\">R\u00e9sultats des \u00e9cologistes aux \u00e9lections f\u00e9d\u00e9rales - Chambre<\/a><br \/><a href=\"https:\/\/www.atlas-belgique.be\/geoclipair\/web\/?lang=fr#c=indicator&i=fede2019.ecofed_fo&view=map1\">R\u00e9sultats des \u00e9cologistes aux \u00e9lections f\u00e9d\u00e9rales - Chambre<\/a><br \/><a href=\"https:\/\/www.atlas-belgique.be\/geoclipair\/web\/?lang=fr#c=indicator&i=fede2019.libfed_fo&view=map1\">R\u00e9sultats des lib\u00e9raux aux \u00e9lections f\u00e9d\u00e9rales - Chambre<\/a><br \/><a href=\"https:\/\/www.atlas-belgique.be\/geoclipair\/web\/?lang=fr#c=indicator&i=fede2019.libfed_fo&view=map1\">R\u00e9sultats des lib\u00e9raux aux \u00e9lections f\u00e9d\u00e9rales - Chambre<\/a><br \/><a href=\"https:\/\/www.atlas-belgique.be\/geoclipair\/web\/?lang=fr#c=indicator&i=fede2019.libfed_fo&view=map1\">R\u00e9sultats des lib\u00e9raux aux \u00e9lections f\u00e9d\u00e9rales - Chambre<\/a><br \/><a href=\"https:\/\/www.atlas-belgique.be\/geoclipair\/web\/?lang=fr#c=indicator&i=fede2019.premfednp&view=map1\">Famille politique en t\u00eate du scrutin f\u00e9d\u00e9ral<\/a><br \/><a href=\"https:\/\/www.atlas-belgique.be\/geoclipair\/web\/?lang=fr#c=indicator&i=fede2019.premfednp&view=map1\">Famille politique en t\u00eate du scrutin f\u00e9d\u00e9ral<\/a><br \/><a href=\"https:\/\/www.atlas-belgique.be\/geoclipair\/web\/?lang=fr#c=indicator&i=fede2019.regfed_fo&view=map1\">R\u00e9sultats des r\u00e9gionalistes aux \u00e9lections f\u00e9d\u00e9rales - Chambre<\/a><br \/><a href=\"https:\/\/www.atlas-belgique.be\/geoclipair\/web\/?lang=fr#c=indicator&i=fede2019.regfed_fo&view=map1\">R\u00e9sultats des r\u00e9gionalistes aux \u00e9lections f\u00e9d\u00e9rales - Chambre<\/a><br \/><a href=\"https:\/\/www.atlas-belgique.be\/geoclipair\/web\/?lang=fr#c=indicator&i=fede2019.socfed_fo&view=map1\">R\u00e9sultats des socialistes aux \u00e9lections f\u00e9d\u00e9rales - Chambre<\/a><br \/><a href=\"https:\/\/www.atlas-belgique.be\/geoclipair\/web\/?lang=fr#c=indicator&i=fede2019.socfed_fo&view=map1\">R\u00e9sultats des socialistes aux \u00e9lections f\u00e9d\u00e9rales - Chambre<\/a><br \/><a href=\"https:\/\/www.atlas-belgique.be\/geoclipair\/web\/?lang=fr#c=indicator&i=fede2019.socfed_fo&view=map1\">R\u00e9sultats des socialistes aux \u00e9lections f\u00e9d\u00e9rales - Chambre<\/a><br \/><a href=\"https:\/\/www.atlas-belgique.be\/geoclipair\/web\/?lang=fr#c=indicator&i=fede2019.xdfed_fo&view=map1\">R\u00e9sultats de l'extr\u00eame-droite aux \u00e9lections f\u00e9d\u00e9rales - Chambre<\/a><br \/><a href=\"https:\/\/www.atlas-belgique.be\/geoclipair\/web\/?lang=fr#c=indicator&i=fede2019.xdfed_fo&view=map1\">R\u00e9sultats de l'extr\u00eame-droite aux \u00e9lections f\u00e9d\u00e9rales - Chambre<\/a><br \/><a href=\"https:\/\/www.atlas-belgique.be\/geoclipair\/web\/?lang=fr#c=indicator&i=fede2019.xdfed_fo&view=map1\">R\u00e9sultats de l'extr\u00eame-droite aux \u00e9lections f\u00e9d\u00e9rales - Chambre<\/a><br \/><\/p><h3>\u00c9lections f\u00e9d\u00e9rales (2014)<\/h3><p><a href=\"https:\/\/www.atlas-belgique.be\/geoclipair\/web\/?lang=fr#c=indicator&i=fedenew.cathfed_fo&view=map1\">R\u00e9sultats des sociaux-chr\u00e9tiens aux \u00e9lections f\u00e9d\u00e9rales - Chambre<\/a><br \/><a href=\"https:\/\/www.atlas-belgique.be\/geoclipair\/web\/?lang=fr#c=indicator&i=fedenew.cathfed_fo&view=map1\">R\u00e9sultats des sociaux-chr\u00e9tiens et des centristes aux \u00e9lections f\u00e9d\u00e9rales - Chambre<\/a><br \/><a href=\"https:\/\/www.atlas-belgique.be\/geoclipair\/web\/?lang=fr#c=indicator&i=fedenew.cathfed_fo&view=map1\">R\u00e9sultats des sociaux-chr\u00e9tiens aux \u00e9lections f\u00e9d\u00e9rales - Chambre<\/a><br \/><a href=\"https:\/\/www.atlas-belgique.be\/geoclipair\/web\/?lang=fr#c=indicator&i=fedenew.ecofed_fo&view=map1\">R\u00e9sultats des \u00e9cologistes aux \u00e9lections f\u00e9d\u00e9rales - Chambre<\/a><br \/><a href=\"https:\/\/www.atlas-belgique.be\/geoclipair\/web\/?lang=fr#c=indicator&i=fedenew.ecofed_fo&view=map1\">R\u00e9sultats des \u00e9cologistes aux \u00e9lections f\u00e9d\u00e9rales - Chambre<\/a><br \/><a href=\"https:\/\/www.atlas-belgique.be\/geoclipair\/web\/?lang=fr#c=indicator&i=fedenew.ecofed_fo&view=map1\">R\u00e9sultats des \u00e9cologistes aux \u00e9lections f\u00e9d\u00e9rales - Chambre<\/a><br \/><a href=\"https:\/\/www.atlas-belgique.be\/geoclipair\/web\/?lang=fr#c=indicator&i=fedenew.libfed_fo&view=map1\">R\u00e9sultats des lib\u00e9raux aux \u00e9lections f\u00e9d\u00e9rales - Chambre<\/a><br \/><a href=\"https:\/\/www.atlas-belgique.be\/geoclipair\/web\/?lang=fr#c=indicator&i=fedenew.libfed_fo&view=map1\">R\u00e9sultats des lib\u00e9raux aux \u00e9lections f\u00e9d\u00e9rales - Chambre<\/a><br \/><a href=\"https:\/\/www.atlas-belgique.be\/geoclipair\/web\/?lang=fr#c=indicator&i=fedenew.libfed_fo&view=map1\">R\u00e9sultats des lib\u00e9raux aux \u00e9lections f\u00e9d\u00e9rales - Chambre<\/a><br \/><a href=\"https:\/\/www.atlas-belgique.be\/geoclipair\/web\/?lang=fr#c=indicator&i=fedenew.premfednp&view=map1\">Famille politique en t\u00eate du scrutin f\u00e9d\u00e9ral<\/a><br \/><a href=\"https:\/\/www.atlas-belgique.be\/geoclipair\/web\/?lang=fr#c=indicator&i=fedenew.premfednp&view=map1\">Famille politique en t\u00eate du scrutin f\u00e9d\u00e9ral<\/a><br \/><a href=\"https:\/\/www.atlas-belgique.be\/geoclipair\/web\/?lang=fr#c=indicator&i=fedenew.regfed_fo&view=map1\">R\u00e9sultats des r\u00e9gionalistes aux \u00e9lections f\u00e9d\u00e9rales - Chambre<\/a><br \/><a href=\"https:\/\/www.atlas-belgique.be\/geoclipair\/web\/?lang=fr#c=indicator&i=fedenew.regfed_fo&view=map1\">R\u00e9sultats des r\u00e9gionalistes aux \u00e9lections f\u00e9d\u00e9rales - Chambre<\/a><br \/><a href=\"https:\/\/www.atlas-belgique.be\/geoclipair\/web\/?lang=fr#c=indicator&i=fedenew.socfed_fo&view=map1\">R\u00e9sultats des socialistes aux \u00e9lections f\u00e9d\u00e9rales - Chambre<\/a><br \/><a href=\"https:\/\/www.atlas-belgique.be\/geoclipair\/web\/?lang=fr#c=indicator&i=fedenew.socfed_fo&view=map1\">R\u00e9sultats des socialistes aux \u00e9lections f\u00e9d\u00e9rales - Chambre<\/a><br \/><a href=\"https:\/\/www.atlas-belgique.be\/geoclipair\/web\/?lang=fr#c=indicator&i=fedenew.socfed_fo&view=map1\">R\u00e9sultats des socialistes aux \u00e9lections f\u00e9d\u00e9rales - Chambre<\/a><br \/><a href=\"https:\/\/www.atlas-belgique.be\/geoclipair\/web\/?lang=fr#c=indicator&i=fedenew.xdfed_fo&view=map1\">R\u00e9sultats de l'extr\u00eame-droite aux \u00e9lections f\u00e9d\u00e9rales - Chambre<\/a><br \/><a href=\"https:\/\/www.atlas-belgique.be\/geoclipair\/web\/?lang=fr#c=indicator&i=fedenew.xdfed_fo&view=map1\">R\u00e9sultats de l'extr\u00eame-droite aux \u00e9lections f\u00e9d\u00e9rales - Chambre<\/a><br \/><a href=\"https:\/\/www.atlas-belgique.be\/geoclipair\/web\/?lang=fr#c=indicator&i=fedenew.xdfed_fo&view=map1\">R\u00e9sultats de l'extr\u00eame-droite aux \u00e9lections f\u00e9d\u00e9rales - Chambre<\/a><br \/><\/p><h3>\u00c9lections f\u00e9d\u00e9rales (1999 \u00e0 2014)<\/h3><p><a href=\"https:\/\/www.atlas-belgique.be\/geoclipair\/web\/?lang=fr#c=indicator&i=fede.cathf&view=map1\">R\u00e9sultats des sociaux-chr\u00e9tiens aux \u00e9lections f\u00e9d\u00e9rales  - Chambre<\/a><br \/><a href=\"https:\/\/www.atlas-belgique.be\/geoclipair\/web\/?lang=fr#c=indicator&i=fede.ecof&view=map1\">R\u00e9sultats des \u00e9cologistes aux \u00e9lections f\u00e9d\u00e9rales  - Chambre<\/a><br \/><a href=\"https:\/\/www.atlas-belgique.be\/geoclipair\/web\/?lang=fr#c=indicator&i=fede.libf&view=map1\">R\u00e9sultats des lib\u00e9raux aux \u00e9lections f\u00e9d\u00e9rales  - Chambre<\/a><br \/><a href=\"https:\/\/www.atlas-belgique.be\/geoclipair\/web\/?lang=fr#c=indicator&i=fede.premfnp&view=map1\">Famille politique en t\u00eate du scrutin f\u00e9d\u00e9ral<\/a><br \/><a href=\"https:\/\/www.atlas-belgique.be\/geoclipair\/web\/?lang=fr#c=indicator&i=fede.regf&view=map1\">R\u00e9sultats des r\u00e9gionalistes aux \u00e9l\u00e9ctions f\u00e9d\u00e9rales - Chambre<\/a><br \/><a href=\"https:\/\/www.atlas-belgique.be\/geoclipair\/web\/?lang=fr#c=indicator&i=fede.socf&view=map1\">R\u00e9sultats des socialistes aux \u00e9lections f\u00e9d\u00e9rales  - Chambre<\/a><br \/><a href=\"https:\/\/www.atlas-belgique.be\/geoclipair\/web\/?lang=fr#c=indicator&i=fede.xdf&view=map1\">R\u00e9sultats de l'extr\u00eame-droite aux \u00e9lections f\u00e9d\u00e9rales   - Chambre<\/a><br \/><\/p><h3>\u00c9volutions des \u00e9lections f\u00e9d\u00e9rales<\/h3><p><a href=\"https:\/\/www.atlas-belgique.be\/geoclipair\/web\/?lang=fr#c=indicator&i=evofede.evoecolog&view=map1\">\u00c9volution des \u00e9cologistes aux f\u00e9d\u00e9rales<\/a><br \/><a href=\"https:\/\/www.atlas-belgique.be\/geoclipair\/web\/?lang=fr#c=indicator&i=evofede.evosoc&view=map1\">\u00c9volution des socialistes aux f\u00e9d\u00e9rales<\/a><br \/><\/p><h3>\u00c9lections r\u00e9gionales (\u00e0 partir de 2024)<\/h3><p><a href=\"https:\/\/www.atlas-belgique.be\/geoclipair\/web\/?lang=fr#c=indicator&i=regio2024.cathreg_fo&view=map1\">R\u00e9sultats des sociaux-chr\u00e9tiens et des centristes aux \u00e9lections r\u00e9gionales<\/a><br \/><a href=\"https:\/\/www.atlas-belgique.be\/geoclipair\/web\/?lang=fr#c=indicator&i=regio2024.cathreg_fo&view=map1\">R\u00e9sultats des sociaux-chr\u00e9tiens et des centristes aux \u00e9lections r\u00e9gionales<\/a><br \/><a href=\"https:\/\/www.atlas-belgique.be\/geoclipair\/web\/?lang=fr#c=indicator&i=regio2024.ecoreg_fo&view=map1\">R\u00e9sultats des \u00e9cologistes aux \u00e9lections r\u00e9gionales<\/a><br \/><a href=\"https:\/\/www.atlas-belgique.be\/geoclipair\/web\/?lang=fr#c=indicator&i=regio2024.ecoreg_fo&view=map1\">R\u00e9sultats des \u00e9cologistes aux \u00e9lections r\u00e9gionales<\/a><br \/><a href=\"https:\/\/www.atlas-belgique.be\/geoclipair\/web\/?lang=fr#c=indicator&i=regio2024.libreg_fo&view=map1\">R\u00e9sultats des lib\u00e9raux aux \u00e9lections r\u00e9gionales<\/a><br \/><a href=\"https:\/\/www.atlas-belgique.be\/geoclipair\/web\/?lang=fr#c=indicator&i=regio2024.libreg_fo&view=map1\">R\u00e9sultats des lib\u00e9raux aux \u00e9lections r\u00e9gionales<\/a><br \/><a href=\"https:\/\/www.atlas-belgique.be\/geoclipair\/web\/?lang=fr#c=indicator&i=regio2024.mvreg_fo&view=map1\">R\u00e9sultats des mouvements-citoyens aux \u00e9lections r\u00e9gionales<\/a><br \/><a href=\"https:\/\/www.atlas-belgique.be\/geoclipair\/web\/?lang=fr#c=indicator&i=regio2024.mvreg_fo&view=map1\">R\u00e9sultats des mouvements-citoyens aux \u00e9lections r\u00e9gionales<\/a><br \/><a href=\"https:\/\/www.atlas-belgique.be\/geoclipair\/web\/?lang=fr#c=indicator&i=regio2024.socreg_fo&view=map1\">R\u00e9sultats des socialistes aux \u00e9lections r\u00e9gionales<\/a><br \/><a href=\"https:\/\/www.atlas-belgique.be\/geoclipair\/web\/?lang=fr#c=indicator&i=regio2024.socreg_fo&view=map1\">R\u00e9sultats des socialistes aux \u00e9lections r\u00e9gionales<\/a><br \/><a href=\"https:\/\/www.atlas-belgique.be\/geoclipair\/web\/?lang=fr#c=indicator&i=regio2024.xdreg_fo&view=map1\">R\u00e9sultats de l'extr\u00eame-droite aux \u00e9lections r\u00e9gionales<\/a><br \/><a href=\"https:\/\/www.atlas-belgique.be\/geoclipair\/web\/?lang=fr#c=indicator&i=regio2024.xdreg_fo&view=map1\">R\u00e9sultats de l'extr\u00eame-droite aux \u00e9lections r\u00e9gionales<\/a><br \/><a href=\"https:\/\/www.atlas-belgique.be\/geoclipair\/web\/?lang=fr#c=indicator&i=regio2024.xgreg_fo&view=map1\">R\u00e9sultats de l'extr\u00eame-gauche aux \u00e9lections r\u00e9gionales<\/a><br \/><a href=\"https:\/\/www.atlas-belgique.be\/geoclipair\/web\/?lang=fr#c=indicator&i=regio2024.xgreg_fo&view=map1\">R\u00e9sultats de l'extr\u00eame-gauche aux \u00e9lections r\u00e9gionales<\/a><br \/><\/p><h3>\u00c9lections r\u00e9gionales (\u00e0 partir de 2019)<\/h3><p><a href=\"https:\/\/www.atlas-belgique.be\/geoclipair\/web\/?lang=fr#c=indicator&i=regio2019.cathreg_fo&view=map1\">R\u00e9sultats des sociaux-chr\u00e9tiens et des centristes aux \u00e9lections r\u00e9gionales<\/a><br \/><a href=\"https:\/\/www.atlas-belgique.be\/geoclipair\/web\/?lang=fr#c=indicator&i=regio2019.cathreg_fo&view=map1\">R\u00e9sultats des sociaux-chr\u00e9tiens et des centristes aux \u00e9lections r\u00e9gionales<\/a><br \/><a href=\"https:\/\/www.atlas-belgique.be\/geoclipair\/web\/?lang=fr#c=indicator&i=regio2019.ecoreg_fo&view=map1\">R\u00e9sultats des \u00e9cologistes aux \u00e9lections r\u00e9gionales<\/a><br \/><a href=\"https:\/\/www.atlas-belgique.be\/geoclipair\/web\/?lang=fr#c=indicator&i=regio2019.ecoreg_fo&view=map1\">R\u00e9sultats des \u00e9cologistes aux \u00e9lections r\u00e9gionales<\/a><br \/><a href=\"https:\/\/www.atlas-belgique.be\/geoclipair\/web\/?lang=fr#c=indicator&i=regio2019.libreg_fo&view=map1\">R\u00e9sultats des lib\u00e9raux aux \u00e9lections r\u00e9gionales<\/a><br \/><a href=\"https:\/\/www.atlas-belgique.be\/geoclipair\/web\/?lang=fr#c=indicator&i=regio2019.libreg_fo&view=map1\">R\u00e9sultats des lib\u00e9raux aux \u00e9lections r\u00e9gionales<\/a><br \/><a href=\"https:\/\/www.atlas-belgique.be\/geoclipair\/web\/?lang=fr#c=indicator&i=regio2019.mvreg_fo&view=map1\">R\u00e9sultats des mouvements-citoyens aux \u00e9lections r\u00e9gionales<\/a><br \/><a href=\"https:\/\/www.atlas-belgique.be\/geoclipair\/web\/?lang=fr#c=indicator&i=regio2019.mvreg_fo&view=map1\">R\u00e9sultats des mouvements-citoyens aux \u00e9lections r\u00e9gionales<\/a><br \/><a href=\"https:\/\/www.atlas-belgique.be\/geoclipair\/web\/?lang=fr#c=indicator&i=regio2019.socreg_fo&view=map1\">R\u00e9sultats des socialistes aux \u00e9lections r\u00e9gionales<\/a><br \/><a href=\"https:\/\/www.atlas-belgique.be\/geoclipair\/web\/?lang=fr#c=indicator&i=regio2019.socreg_fo&view=map1\">R\u00e9sultats des socialistes aux \u00e9lections r\u00e9gionales<\/a><br \/><a href=\"https:\/\/www.atlas-belgique.be\/geoclipair\/web\/?lang=fr#c=indicator&i=regio2019.xdreg_fo&view=map1\">R\u00e9sultats de l'extr\u00eame-droite aux \u00e9lections r\u00e9gionales<\/a><br \/><a href=\"https:\/\/www.atlas-belgique.be\/geoclipair\/web\/?lang=fr#c=indicator&i=regio2019.xdreg_fo&view=map1\">R\u00e9sultats de l'extr\u00eame-droite aux \u00e9lections r\u00e9gionales<\/a><br \/><a href=\"https:\/\/www.atlas-belgique.be\/geoclipair\/web\/?lang=fr#c=indicator&i=regio2019.xgreg_fo&view=map1\">R\u00e9sultats de l'extr\u00eame-gauche aux \u00e9lections r\u00e9gionales<\/a><br \/><a href=\"https:\/\/www.atlas-belgique.be\/geoclipair\/web\/?lang=fr#c=indicator&i=regio2019.xgreg_fo&view=map1\">R\u00e9sultats de l'extr\u00eame-gauche aux \u00e9lections r\u00e9gionales<\/a><br \/><\/p><h3>\u00c9lections r\u00e9gionales (\u00e0 partir de 2014)<\/h3><p><a href=\"https:\/\/www.atlas-belgique.be\/geoclipair\/web\/?lang=fr#c=indicator&i=regnew.cathregi&view=map1\">R\u00e9sultats des sociaux-chr\u00e9tiens aux \u00e9lections r\u00e9gionales<\/a><br \/><a href=\"https:\/\/www.atlas-belgique.be\/geoclipair\/web\/?lang=fr#c=indicator&i=regnew.ecoregi&view=map1\">R\u00e9sultats des \u00e9cologistes aux \u00e9lections r\u00e9gionales<\/a><br \/><a href=\"https:\/\/www.atlas-belgique.be\/geoclipair\/web\/?lang=fr#c=indicator&i=regnew.libregi&view=map1\">R\u00e9sultats des lib\u00e9raux aux \u00e9lections r\u00e9gionales<\/a><br \/><a href=\"https:\/\/www.atlas-belgique.be\/geoclipair\/web\/?lang=fr#c=indicator&i=regnew.premreginp&view=map1\">Famille politique en t\u00eate du scrutin aux \u00e9lections r\u00e9gionales<\/a><br \/><a href=\"https:\/\/www.atlas-belgique.be\/geoclipair\/web\/?lang=fr#c=indicator&i=regnew.regregi&view=map1\">R\u00e9sultats des r\u00e9gionalistes aux \u00e9lections r\u00e9gionales<\/a><br \/><a href=\"https:\/\/www.atlas-belgique.be\/geoclipair\/web\/?lang=fr#c=indicator&i=regnew.socregi&view=map1\">R\u00e9sultats des socialistes aux \u00e9lections r\u00e9gionales<\/a><br \/><a href=\"https:\/\/www.atlas-belgique.be\/geoclipair\/web\/?lang=fr#c=indicator&i=regnew.xdregi&view=map1\">R\u00e9sultats de l'extr\u00eame droite aux \u00e9lections r\u00e9gionales<\/a><br \/><\/p><h3>\u00c9lections r\u00e9gionales (1999 \u00e0 2014)<\/h3><p><a href=\"https:\/\/www.atlas-belgique.be\/geoclipair\/web\/?lang=fr#c=indicator&i=reg.cathreg&view=map1\">R\u00e9sultats des sociaux-chr\u00e9tiens aux \u00e9lections r\u00e9gionales<\/a><br \/><a href=\"https:\/\/www.atlas-belgique.be\/geoclipair\/web\/?lang=fr#c=indicator&i=reg.dedeckreg&view=map1\">R\u00e9sultats de la lijst Dedecker aux \u00e9lections r\u00e9gionales<\/a><br \/><a href=\"https:\/\/www.atlas-belgique.be\/geoclipair\/web\/?lang=fr#c=indicator&i=reg.ecoreg&view=map1\">R\u00e9sultats des \u00e9cologistes aux \u00e9lections r\u00e9gionales<\/a><br \/><a href=\"https:\/\/www.atlas-belgique.be\/geoclipair\/web\/?lang=fr#c=indicator&i=reg.libreg&view=map1\">R\u00e9sultats des lib\u00e9raux aux \u00e9lections r\u00e9gionales<\/a><br \/><a href=\"https:\/\/www.atlas-belgique.be\/geoclipair\/web\/?lang=fr#c=indicator&i=reg.premnp&view=map1\">Famille politique en t\u00eate du scrutin aux \u00e9lections r\u00e9gionales<\/a><br \/><a href=\"https:\/\/www.atlas-belgique.be\/geoclipair\/web\/?lang=fr#c=indicator&i=reg.regreg&view=map1\">R\u00e9sultats des r\u00e9gionalistes aux \u00e9lections r\u00e9gionales<\/a><br \/><a href=\"https:\/\/www.atlas-belgique.be\/geoclipair\/web\/?lang=fr#c=indicator&i=reg.socreg&view=map1\">R\u00e9sultats des socialistes aux \u00e9lections r\u00e9gionales<\/a><br \/><\/p><h3>\u00c9volutions des \u00e9lections r\u00e9gionales<\/h3><p><a href=\"https:\/\/www.atlas-belgique.be\/geoclipair\/web\/?lang=fr#c=indicator&i=evoreg.evoeg&view=map1\">\u00c9volution des socialistes aux \u00e9lections r\u00e9gionales<\/a><br \/><\/p><h3>\u00c9lections provinciales (2006 - 2012)<\/h3><p><a href=\"https:\/\/www.atlas-belgique.be\/geoclipair\/web\/?lang=fr#c=indicator&i=elecpro.prem&view=map1\">Famille politique en t\u00eate du scrutin provincial<\/a><br \/><a href=\"https:\/\/www.atlas-belgique.be\/geoclipair\/web\/?lang=fr#c=indicator&i=elecpro.p_cath&view=map1\">R\u00e9sultats des sociaux-chr\u00e9tiens aux \u00e9lections provinciales<\/a><br \/><a href=\"https:\/\/www.atlas-belgique.be\/geoclipair\/web\/?lang=fr#c=indicator&i=elecpro.p_eco&view=map1\">R\u00e9sultats des \u00e9cologistes aux \u00e9lections provinciales<\/a><br \/><a href=\"https:\/\/www.atlas-belgique.be\/geoclipair\/web\/?lang=fr#c=indicator&i=elecpro.p_lib&view=map1\">R\u00e9sultats des lib\u00e9raux aux \u00e9lections provinciales<\/a><br \/><a href=\"https:\/\/www.atlas-belgique.be\/geoclipair\/web\/?lang=fr#c=indicator&i=elecpro.p_soc&view=map1\">R\u00e9sultats des socialistes aux \u00e9lections provinciales<\/a><br \/><a href=\"https:\/\/www.atlas-belgique.be\/geoclipair\/web\/?lang=fr#c=indicator&i=elecpro.p_xd&view=map1\">R\u00e9sultats de l'extr\u00eame-droite aux \u00e9lections provinciales<\/a><br \/><a href=\"https:\/\/www.atlas-belgique.be\/geoclipair\/web\/?lang=fr#c=indicator&i=elecpro.p_xg&view=map1\">R\u00e9sultats de l'extr\u00eame-gauche aux \u00e9lections provinciales<\/a><br \/><a href=\"https:\/\/www.atlas-belgique.be\/geoclipair\/web\/?lang=fr#c=indicator&i=elecpro.tot_reg&view=map1\">R\u00e9sultats des r\u00e9gionalistes aux \u00e9lections provinciales<\/a><br \/><\/p><h3>\u00c9volution des \u00e9lections provinciales<\/h3><p><\/p>\n","protected":false},"excerpt":{"rendered":"","protected":false},"author":1,"featured_media":0,"parent":8,"menu_order":0,"comment_status":"closed","ping_status":"closed","template":"","meta":{"footnotes":""},"class_list":["post-820","page","type-page","status-publish","hentry"],"_links":{"self":[{"href":"https:\/\/www.atlas-belgique.be\/index.php\/wp-json\/wp\/v2\/pages\/820","targetHints":{"allow":["GET"]}}],"collection":[{"href":"https:\/\/www.atlas-belgique.be\/index.php\/wp-json\/wp\/v2\/pages"}],"about":[{"href":"https:\/\/www.atlas-belgique.be\/index.php\/wp-json\/wp\/v2\/types\/page"}],"author":[{"embeddable":true,"href":"https:\/\/www.atlas-belgique.be\/index.php\/wp-json\/wp\/v2\/users\/1"}],"replies":[{"embeddable":true,"href":"https:\/\/www.atlas-belgique.be\/index.php\/wp-json\/wp\/v2\/comments?post=820"}],"version-history":[{"count":0,"href":"https:\/\/www.atlas-belgique.be\/index.php\/wp-json\/wp\/v2\/pages\/820\/revisions"}],"up":[{"embeddable":true,"href":"https:\/\/www.atlas-belgique.be\/index.php\/wp-json\/wp\/v2\/pages\/8"}],"wp:attachment":[{"href":"https:\/\/www.atlas-belgique.be\/index.php\/wp-json\/wp\/v2\/media?parent=820"}],"curies":[{"name":"wp","href":"https:\/\/api.w.org\/{rel}","templated":true}]}}