{"id":827,"date":"2019-02-14T00:57:59","date_gmt":"2019-02-13T23:57:59","guid":{"rendered":"http:\/\/www.atlas-belgique.be\/?page_id=827"},"modified":"2019-05-16T14:14:09","modified_gmt":"2019-05-16T12:14:09","slug":"agriculture","status":"publish","type":"page","link":"https:\/\/www.atlas-belgique.be\/index.php\/fr\/atlas-numerique\/agriculture\/","title":{"rendered":"Paysage, monde rural et agriculture"},"content":{"rendered":"<h3>Occupation du sol<\/h3><p><\/p><h3>Occupation du sol : \u00c9volution<\/h3><p><\/p><h3>Exploitations agricoles<\/h3><p><\/p><h3>Activit\u00e9s compl\u00e9mentaires<\/h3><p><\/p><h3>Cultures et leurs \u00e9volutions<\/h3><p><\/p><h3>Cheptel et son \u00e9volution<\/h3><p><\/p><h3>Orientation des exploitations \u2013 OTE<\/h3><p><a href=\"https:\/\/www.atlas-belgique.be\/geoclipair\/web\/?lang=fr#c=indicator&i=ote.n_ote10&view=map1\">Part du nombre d'exploitations agricoles sp\u00e9cialis\u00e9es en grandes cultures par rapport au nombre total d'exploitations<\/a><br \/><a href=\"https:\/\/www.atlas-belgique.be\/geoclipair\/web\/?lang=fr#c=indicator&i=ote.n_ote21&view=map1\">Part du nombre d'exploitations horticoles d'int\u00e9rieur par rapport au nombre total d'exploitations<\/a><br \/><a href=\"https:\/\/www.atlas-belgique.be\/geoclipair\/web\/?lang=fr#c=indicator&i=ote.n_ote22&view=map1\">Part du nombre d'exploitations horticoles de plein air par rapport au nombre total d'exploitations<\/a><br \/><a href=\"https:\/\/www.atlas-belgique.be\/geoclipair\/web\/?lang=fr#c=indicator&i=ote.n_ote23&view=map1\">Part du nombre d'exploitations d'autres types d'horticulture (hors OTE 21\/22) par rapport au nombre total d'exploitations<\/a><br \/><a href=\"https:\/\/www.atlas-belgique.be\/geoclipair\/web\/?lang=fr#c=indicator&i=ote.n_ote30&view=map1\">Part du nombre d'exploitations agricoles sp\u00e9cialis\u00e9es en cultures permanentes par rapport au nombre total d'exploitations<\/a><br \/><a href=\"https:\/\/www.atlas-belgique.be\/geoclipair\/web\/?lang=fr#c=indicator&i=ote.n_ote40&view=map1\">Part du nombre d'exploitations agricoles sp\u00e9cialis\u00e9es herbivores par rapport au nombre total d'exploitations<\/a><br \/><a href=\"https:\/\/www.atlas-belgique.be\/geoclipair\/web\/?lang=fr#c=indicator&i=ote.n_ote50&view=map1\">Part du nombre d'exploitations agricoles sp\u00e9cialis\u00e9es de production animale hors sol (granivores) par rapport au nombre total d'exploitations<\/a><br \/><a href=\"https:\/\/www.atlas-belgique.be\/geoclipair\/web\/?lang=fr#c=indicator&i=ote.n_ote60&view=map1\">Part du nombre d'exploitations agricoles de polyculture par rapport au nombre total d'exploitations<\/a><br \/><a href=\"https:\/\/www.atlas-belgique.be\/geoclipair\/web\/?lang=fr#c=indicator&i=ote.n_ote73&view=map1\">Part du nombre d'exploitations agricoles de poly\u00e9levage \u00e0 orientation herbivores par rapport au nombre total d'exploitations<\/a><br \/><a href=\"https:\/\/www.atlas-belgique.be\/geoclipair\/web\/?lang=fr#c=indicator&i=ote.n_ote74&view=map1\">Part du nombre d'exploitations agricoles de poly\u00e9levage \u00e0 orientation granivores par rapport au nombre total d'exploitations<\/a><br \/><a href=\"https:\/\/www.atlas-belgique.be\/geoclipair\/web\/?lang=fr#c=indicator&i=ote.n_ote80&view=map1\">Part du nombre d'exploitations agricoles mixtes cultures et \u00e9levage par rapport au nombre total d'exploitations<\/a><br \/><a href=\"https:\/\/www.atlas-belgique.be\/geoclipair\/web\/?lang=fr#c=indicator&i=ote.sn_ote10&view=map1\">Part de la superficie des exploitations agricoles sp\u00e9cialis\u00e9es en grandes cultures par rapport \u00e0 la SAU totale r\u00e9gionale<\/a><br \/><a href=\"https:\/\/www.atlas-belgique.be\/geoclipair\/web\/?lang=fr#c=indicator&i=ote.sn_ote21&view=map1\">Part de la superficie des exploitations horticoles sous-verre sp\u00e9cialis\u00e9es par rapport \u00e0 la SAU totale r\u00e9gionale<\/a><br \/><a href=\"https:\/\/www.atlas-belgique.be\/geoclipair\/web\/?lang=fr#c=indicator&i=ote.sn_ote22&view=map1\">Part de la superficie des exploitations horticoles de plein air par rapport \u00e0 la SAU totale r\u00e9gionale<\/a><br \/><a href=\"https:\/\/www.atlas-belgique.be\/geoclipair\/web\/?lang=fr#c=indicator&i=ote.sn_ote23&view=map1\">Part de la superficie des exploitations des autres types d'horticulture (hors OTE21\/22)par rapport \u00e0 la SAU totale r\u00e9gionale<\/a><br \/><a href=\"https:\/\/www.atlas-belgique.be\/geoclipair\/web\/?lang=fr#c=indicator&i=ote.sn_ote30&view=map1\">Part de la superficie des exploitations agricoles sp\u00e9cialis\u00e9es en cultures permanentes par rapport \u00e0 la SAU totale r\u00e9gionale<\/a><br \/><a href=\"https:\/\/www.atlas-belgique.be\/geoclipair\/web\/?lang=fr#c=indicator&i=ote.sn_ote40&view=map1\">Part de la superficie des exploitations agricoles sp\u00e9cialis\u00e9es herbivores par rapport \u00e0 la SAU totale r\u00e9gionale<\/a><br \/><a href=\"https:\/\/www.atlas-belgique.be\/geoclipair\/web\/?lang=fr#c=indicator&i=ote.sn_ote50&view=map1\">Part de la superficie des exploitations agricoles sp\u00e9cialis\u00e9es de production animale hors sol (granivores) par rapport \u00e0 la SAU totale r\u00e9gionale<\/a><br \/><a href=\"https:\/\/www.atlas-belgique.be\/geoclipair\/web\/?lang=fr#c=indicator&i=ote.sn_ote60&view=map1\">Part de la superficie des exploitations agricoles de polyculture par rapport \u00e0 la SAU totale r\u00e9gionale<\/a><br \/><a href=\"https:\/\/www.atlas-belgique.be\/geoclipair\/web\/?lang=fr#c=indicator&i=ote.sn_ote73&view=map1\">Part de la superficie des exploitations agricoles de poly\u00e9levage \u00e0 orientation herbivores par rapport \u00e0 la SAU totale r\u00e9gionale<\/a><br \/><a href=\"https:\/\/www.atlas-belgique.be\/geoclipair\/web\/?lang=fr#c=indicator&i=ote.sn_ote74&view=map1\">Part de la superficie des exploitations agricoles de poly\u00e9levage \u00e0 orientation granivores par rapport \u00e0 la SAU totale r\u00e9gionale<\/a><br \/><a href=\"https:\/\/www.atlas-belgique.be\/geoclipair\/web\/?lang=fr#c=indicator&i=ote.sn_ote80&view=map1\">Part de la superficie des exploitations agricoles mixtes cultures et \u00e9levage par rapport \u00e0 la SAU totale r\u00e9gionale<\/a><br \/><a href=\"https:\/\/www.atlas-belgique.be\/geoclipair\/web\/?lang=fr#c=indicator&i=ote.s_ote10&view=map1\">Superficie moyenne des exploitations agricoles sp\u00e9cialis\u00e9es en grandes cultures<\/a><br \/><a href=\"https:\/\/www.atlas-belgique.be\/geoclipair\/web\/?lang=fr#c=indicator&i=ote.s_ote21&view=map1\">Superficie moyenne des exploitations horticoles sous-verre sp\u00e9cialis\u00e9es<\/a><br \/><a href=\"https:\/\/www.atlas-belgique.be\/geoclipair\/web\/?lang=fr#c=indicator&i=ote.s_ote22&view=map1\">Superficie moyenne des exploitations horticoles de plein air sp\u00e9cialis\u00e9es<\/a><br \/><a href=\"https:\/\/www.atlas-belgique.be\/geoclipair\/web\/?lang=fr#c=indicator&i=ote.s_ote23&view=map1\">Superficie moyenne des exploitations horticoles avec d'autres types d'horticulture (hors OTE 21\/22)<\/a><br \/><a href=\"https:\/\/www.atlas-belgique.be\/geoclipair\/web\/?lang=fr#c=indicator&i=ote.s_ote30&view=map1\">Superficie moyenne des exploitations agricoles sp\u00e9cialis\u00e9es en cultures permanentes<\/a><br \/><a href=\"https:\/\/www.atlas-belgique.be\/geoclipair\/web\/?lang=fr#c=indicator&i=ote.s_ote40&view=map1\">Superficie moyenne des exploitations agricoles sp\u00e9cialis\u00e9es herbivores<\/a><br \/><a href=\"https:\/\/www.atlas-belgique.be\/geoclipair\/web\/?lang=fr#c=indicator&i=ote.s_ote50&view=map1\">Superficie moyenne des exploitations agricoles sp\u00e9cialis\u00e9es en production animale hors sol (granivores)<\/a><br \/><a href=\"https:\/\/www.atlas-belgique.be\/geoclipair\/web\/?lang=fr#c=indicator&i=ote.s_ote60&view=map1\">Superficie moyenne des exploitations agricoles de polyculture<\/a><br \/><a href=\"https:\/\/www.atlas-belgique.be\/geoclipair\/web\/?lang=fr#c=indicator&i=ote.s_ote73&view=map1\">Superficie moyenne des exploitations agricoles de poly\u00e9levage \u00e0 orientation herbivores<\/a><br \/><a href=\"https:\/\/www.atlas-belgique.be\/geoclipair\/web\/?lang=fr#c=indicator&i=ote.s_ote74&view=map1\">Superficie moyenne des exploitations agricoles de poly\u00e9levage \u00e0 orientation granivores<\/a><br \/><a href=\"https:\/\/www.atlas-belgique.be\/geoclipair\/web\/?lang=fr#c=indicator&i=ote.s_ote80&view=map1\">Superficie moyenne des exploitations agricoles mixtes cultures et \u00e9levage<\/a><br \/><\/p><h3>Exploitations agricoles par type de production<\/h3><p><\/p>\n","protected":false},"excerpt":{"rendered":"","protected":false},"author":1,"featured_media":0,"parent":8,"menu_order":10,"comment_status":"closed","ping_status":"closed","template":"","meta":{"footnotes":""},"class_list":["post-827","page","type-page","status-publish","hentry"],"_links":{"self":[{"href":"https:\/\/www.atlas-belgique.be\/index.php\/wp-json\/wp\/v2\/pages\/827","targetHints":{"allow":["GET"]}}],"collection":[{"href":"https:\/\/www.atlas-belgique.be\/index.php\/wp-json\/wp\/v2\/pages"}],"about":[{"href":"https:\/\/www.atlas-belgique.be\/index.php\/wp-json\/wp\/v2\/types\/page"}],"author":[{"embeddable":true,"href":"https:\/\/www.atlas-belgique.be\/index.php\/wp-json\/wp\/v2\/users\/1"}],"replies":[{"embeddable":true,"href":"https:\/\/www.atlas-belgique.be\/index.php\/wp-json\/wp\/v2\/comments?post=827"}],"version-history":[{"count":0,"href":"https:\/\/www.atlas-belgique.be\/index.php\/wp-json\/wp\/v2\/pages\/827\/revisions"}],"up":[{"embeddable":true,"href":"https:\/\/www.atlas-belgique.be\/index.php\/wp-json\/wp\/v2\/pages\/8"}],"wp:attachment":[{"href":"https:\/\/www.atlas-belgique.be\/index.php\/wp-json\/wp\/v2\/media?parent=827"}],"curies":[{"name":"wp","href":"https:\/\/api.w.org\/{rel}","templated":true}]}}