{"id":832,"date":"2019-02-14T00:58:37","date_gmt":"2019-02-13T23:58:37","guid":{"rendered":"http:\/\/www.atlas-belgique.be\/?page_id=832"},"modified":"2019-05-16T13:14:17","modified_gmt":"2019-05-16T11:14:17","slug":"habitat","status":"publish","type":"page","link":"https:\/\/www.atlas-belgique.be\/index.php\/fr\/atlas-numerique\/habitat\/","title":{"rendered":"Habitat"},"content":{"rendered":"<h3>Superficie des b\u00e2timents<\/h3><p><a href=\"https:\/\/www.atlas-belgique.be\/geoclipair\/web\/?lang=fr#c=indicator&i=sup_bat.bat_appart&view=map1\">Superficie totale des immeubles \u00e0 appartements<\/a><br \/><a href=\"https:\/\/www.atlas-belgique.be\/geoclipair\/web\/?lang=fr#c=indicator&i=sup_bat.bat_bur&view=map1\">Superficie totale des b\u00e2timents de bureaux<\/a><br \/><a href=\"https:\/\/www.atlas-belgique.be\/geoclipair\/web\/?lang=fr#c=indicator&i=sup_bat.bat_chat&view=map1\">Superficie totale des ch\u00e2teaux<\/a><br \/><a href=\"https:\/\/www.atlas-belgique.be\/geoclipair\/web\/?lang=fr#c=indicator&i=sup_bat.bat_com&view=map1\">Superficie totale des b\u00e2timents de commerce<\/a><br \/><a href=\"https:\/\/www.atlas-belgique.be\/geoclipair\/web\/?lang=fr#c=indicator&i=sup_bat.bat_culte&view=map1\">Superficie totale des b\u00e2timents de culte<\/a><br \/><a href=\"https:\/\/www.atlas-belgique.be\/geoclipair\/web\/?lang=fr#c=indicator&i=sup_bat.bat_culture&view=map1\">Superficie totale des b\u00e2timents \u00e0 usage culturel, r\u00e9cr\u00e9atif et sportif<\/a><br \/><a href=\"https:\/\/www.atlas-belgique.be\/geoclipair\/web\/?lang=fr#c=indicator&i=sup_bat.bat_ens&view=map1\">Superficie totale des b\u00e2timents destin\u00e9s \u00e0 l'enseignement<\/a><br \/><a href=\"https:\/\/www.atlas-belgique.be\/geoclipair\/web\/?lang=fr#c=indicator&i=sup_bat.bat_hab&view=map1\">Superficie totale des habitations<\/a><br \/><a href=\"https:\/\/www.atlas-belgique.be\/geoclipair\/web\/?lang=fr#c=indicator&i=sup_bat.bat_hor&view=map1\">Superficie totale des h\u00f4tels, restaurants et caf\u00e9s (HoReCa)<\/a><br \/><a href=\"https:\/\/www.atlas-belgique.be\/geoclipair\/web\/?lang=fr#c=indicator&i=sup_bat.bat_ind&view=map1\">Superficie totale des b\u00e2timents industriels et artisanaux<\/a><br \/><a href=\"https:\/\/www.atlas-belgique.be\/geoclipair\/web\/?lang=fr#c=indicator&i=sup_bat.bat_public&view=map1\">Superficie totale des b\u00e2timents publics<\/a><br \/><a href=\"https:\/\/www.atlas-belgique.be\/geoclipair\/web\/?lang=fr#c=indicator&i=sup_bat.bat_soc&view=map1\">Superficie totale des b\u00e2timents \u00e0 usage social et hospitalier<\/a><br \/><a href=\"https:\/\/www.atlas-belgique.be\/geoclipair\/web\/?lang=fr#c=indicator&i=sup_bat.part_appart&view=map1\">Part de la superficie des appartements dans la superficie totale du b\u00e2ti<\/a><br \/><a href=\"https:\/\/www.atlas-belgique.be\/geoclipair\/web\/?lang=fr#c=indicator&i=sup_bat.part_bur&view=map1\">Part de la superficie des bureaux dans la superficie totale du b\u00e2ti<\/a><br \/><a href=\"https:\/\/www.atlas-belgique.be\/geoclipair\/web\/?lang=fr#c=indicator&i=sup_bat.part_chat&view=map1\">Part de la superficie des ch\u00e2teaux dans la superficie totale du b\u00e2ti<\/a><br \/><a href=\"https:\/\/www.atlas-belgique.be\/geoclipair\/web\/?lang=fr#c=indicator&i=sup_bat.part_com&view=map1\">Part de la superficie des commerces dans la superficie totale du b\u00e2ti<\/a><br \/><a href=\"https:\/\/www.atlas-belgique.be\/geoclipair\/web\/?lang=fr#c=indicator&i=sup_bat.part_culte&view=map1\">Part de la superficie des b\u00e2timents de culte dans la superficie totale du b\u00e2ti<\/a><br \/><a href=\"https:\/\/www.atlas-belgique.be\/geoclipair\/web\/?lang=fr#c=indicator&i=sup_bat.part_culture&view=map1\">Part de la superficie des b\u00e2timents culturels dans la superficie totale du b\u00e2ti<\/a><br \/><a href=\"https:\/\/www.atlas-belgique.be\/geoclipair\/web\/?lang=fr#c=indicator&i=sup_bat.part_ens&view=map1\">Part de la superficie des b\u00e2timents d'enseignement dans la superficie totale du b\u00e2ti<\/a><br \/><a href=\"https:\/\/www.atlas-belgique.be\/geoclipair\/web\/?lang=fr#c=indicator&i=sup_bat.part_hab&view=map1\">Part de la surface urbanis\u00e9e avec habitat<\/a><br \/><a href=\"https:\/\/www.atlas-belgique.be\/geoclipair\/web\/?lang=fr#c=indicator&i=sup_bat.part_hab&view=map1\">Part de la superficie des habitations dans la superficie totale du b\u00e2ti<\/a><br \/><a href=\"https:\/\/www.atlas-belgique.be\/geoclipair\/web\/?lang=fr#c=indicator&i=sup_bat.part_ind&view=map1\">Part de la superficie des b\u00e2timents industriels et artisanaux dans la superficie totale du b\u00e2ti<\/a><br \/><a href=\"https:\/\/www.atlas-belgique.be\/geoclipair\/web\/?lang=fr#c=indicator&i=sup_bat.part_public&view=map1\">Part de la superficie des b\u00e2timents publics dans la superficie totale du b\u00e2ti<\/a><br \/><a href=\"https:\/\/www.atlas-belgique.be\/geoclipair\/web\/?lang=fr#c=indicator&i=sup_bat.part_soc&view=map1\">Part de la superficie des b\u00e2timents sociaux et hospitaliers dans la superficie totale du b\u00e2ti<\/a><br \/><a href=\"https:\/\/www.atlas-belgique.be\/geoclipair\/web\/?lang=fr#c=indicator&i=sup_bat.sup_hor&view=map1\">Part de la superficie de l'HoReCa dans la superficie totale du b\u00e2ti<\/a><br \/><\/p><h3>\u00c9volution de l'occupation du sol<\/h3><p><\/p><h3>Revenus cadastraux<\/h3><p><a href=\"https:\/\/www.atlas-belgique.be\/geoclipair\/web\/?lang=fr#c=indicator&i=rev_cad.prev_cad_1&view=map1\">Part des habitations dans le total des revenus cadastraux en 2012<\/a><br \/><a href=\"https:\/\/www.atlas-belgique.be\/geoclipair\/web\/?lang=fr#c=indicator&i=rev_cad.rev_cad_1&view=map1\">Revenus cadastraux des habitations en 2012<\/a><br \/><a href=\"https:\/\/www.atlas-belgique.be\/geoclipair\/web\/?lang=fr#c=indicator&i=rev_cad.rev_cad_12&view=map1\">Revenus cadastraux des b\u00e2timents publics en 2012<\/a><br \/><a href=\"https:\/\/www.atlas-belgique.be\/geoclipair\/web\/?lang=fr#c=indicator&i=rev_cad.rev_cad_2&view=map1\">Revenus cadastraux des immeubles \u00e0 appartements en 2012<\/a><br \/><a href=\"https:\/\/www.atlas-belgique.be\/geoclipair\/web\/?lang=fr#c=indicator&i=rev_cad.rev_cad_3&view=map1\">Revenus cadastraux des b\u00e2timents \u00e0 vocation commerciale en 2012<\/a><br \/><a href=\"https:\/\/www.atlas-belgique.be\/geoclipair\/web\/?lang=fr#c=indicator&i=rev_cad.rev_cad_4&view=map1\">Revenus cadastraux des b\u00e2timents industriels en 2012<\/a><br \/><a href=\"https:\/\/www.atlas-belgique.be\/geoclipair\/web\/?lang=fr#c=indicator&i=rev_cad.rev_cad_5&view=map1\">Revenus cadastraux des b\u00e2timents de bureaux en 2012<\/a><br \/><a href=\"https:\/\/www.atlas-belgique.be\/geoclipair\/web\/?lang=fr#c=indicator&i=rev_cad.rev_cad_6&view=map1\">Revenus cadastraux des h\u00f4tels, restaurants et caf\u00e9s (HoReCa) en 2012<\/a><br \/><a href=\"https:\/\/www.atlas-belgique.be\/geoclipair\/web\/?lang=fr#c=indicator&i=rev_cad.rev_cad_tot&view=map1\">Total de tous les revenus cadastraux en 2012<\/a><br \/><\/p><h3>Taille des logements<\/h3><p><\/p><h3>Appartements par p\u00e9riode de construction<\/h3><p><\/p><h3>Maisons individuelles par p\u00e9riode de construction<\/h3><p><\/p><h3>Logements par p\u00e9riode de construction<\/h3><p><\/p><h3>Location et propri\u00e9t\u00e9<\/h3><p><\/p><h3>Permis de b\u00e2tir<\/h3><p><\/p><h3>Prix de l'immobilier<\/h3><p><a href=\"https:\/\/www.atlas-belgique.be\/geoclipair\/web\/?lang=fr#c=indicator&i=immo.app_prixmoy&view=map1\">Prix de vente moyen des appartements, flats, studios<\/a><br \/><a href=\"https:\/\/www.atlas-belgique.be\/geoclipair\/web\/?lang=fr#c=indicator&i=immo.hab_prixmoy&view=map1\">Prix de vente moyen des maisons d'habitation ordinaires<\/a><br \/><\/p><h3>Jardins<\/h3><p><\/p><h3>\u00c9volution prix de l'immobilier<\/h3><p><a href=\"https:\/\/www.atlas-belgique.be\/geoclipair\/web\/?lang=fr#c=indicator&i=immoevo.evo_app_prixmoy&view=map1\">\u00c9volution en 10 ans du prix de vente moyen des appartements, flats, studios<\/a><br \/><a href=\"https:\/\/www.atlas-belgique.be\/geoclipair\/web\/?lang=fr#c=indicator&i=immoevo.evo_hab_prixmoy&view=map1\">\u00c9volution en 10 ans du prix de vente moyen des maisons d'habitation ordinaires<\/a><br \/><a href=\"https:\/\/www.atlas-belgique.be\/geoclipair\/web\/?lang=fr#c=indicator&i=immoevo.evo_terr_prixmoy_m2&view=map1\">\u00c9volution en 10 ans du prix de vente moyen des terrains \u00e0 b\u00e2tir<\/a><br \/><\/p><h3>Part des appartements par p\u00e9riode de construction<\/h3><p><\/p>\n\n\n\n<p><\/p>\n","protected":false},"excerpt":{"rendered":"","protected":false},"author":1,"featured_media":0,"parent":8,"menu_order":20,"comment_status":"closed","ping_status":"closed","template":"","meta":{"footnotes":""},"class_list":["post-832","page","type-page","status-publish","hentry"],"_links":{"self":[{"href":"https:\/\/www.atlas-belgique.be\/index.php\/wp-json\/wp\/v2\/pages\/832","targetHints":{"allow":["GET"]}}],"collection":[{"href":"https:\/\/www.atlas-belgique.be\/index.php\/wp-json\/wp\/v2\/pages"}],"about":[{"href":"https:\/\/www.atlas-belgique.be\/index.php\/wp-json\/wp\/v2\/types\/page"}],"author":[{"embeddable":true,"href":"https:\/\/www.atlas-belgique.be\/index.php\/wp-json\/wp\/v2\/users\/1"}],"replies":[{"embeddable":true,"href":"https:\/\/www.atlas-belgique.be\/index.php\/wp-json\/wp\/v2\/comments?post=832"}],"version-history":[{"count":0,"href":"https:\/\/www.atlas-belgique.be\/index.php\/wp-json\/wp\/v2\/pages\/832\/revisions"}],"up":[{"embeddable":true,"href":"https:\/\/www.atlas-belgique.be\/index.php\/wp-json\/wp\/v2\/pages\/8"}],"wp:attachment":[{"href":"https:\/\/www.atlas-belgique.be\/index.php\/wp-json\/wp\/v2\/media?parent=832"}],"curies":[{"name":"wp","href":"https:\/\/api.w.org\/{rel}","templated":true}]}}