{"id":836,"date":"2019-02-14T00:59:18","date_gmt":"2019-02-13T23:59:18","guid":{"rendered":"http:\/\/www.atlas-belgique.be\/?page_id=836"},"modified":"2019-02-14T00:59:18","modified_gmt":"2019-02-13T23:59:18","slug":"activites-economiques","status":"publish","type":"page","link":"https:\/\/www.atlas-belgique.be\/index.php\/fr\/atlas-numerique\/activites-economiques\/","title":{"rendered":"Activit\u00e9s \u00e9conomiques"},"content":{"rendered":"<h3>Produit int\u00e9rieur brut<\/h3><p><\/p><h3>Valeur ajout\u00e9e<\/h3><p><\/p><h3>Emploi salari\u00e9 ONSS par secteur<\/h3><p><\/p><h3>Evolution emploi salari\u00e9 ONSS par secteur<\/h3><p><\/p><h3>Emploi salari\u00e9 ONSS par secteur industriel<\/h3><p><\/p><h3>Emploi - ind\u00e9pendants<\/h3><p><a href=\"https:\/\/www.atlas-belgique.be\/geoclipair\/web\/?lang=fr#c=indicator&i=inasti.n_indp_allsect&view=map1\">Nombre total d'ind\u00e9pendants exer\u00e7ant en activit\u00e9 principale, non inclues les personnes excer\u00e7ant apr\u00e8s l'\u00e2ge de la pension<\/a><br \/><a href=\"https:\/\/www.atlas-belgique.be\/geoclipair\/web\/?lang=fr#c=indicator&i=inasti.n_inds_allsect&view=map1\">Nombre total d'ind\u00e9pendants exer\u00e7ant en activit\u00e9 compl\u00e9mentaire,  non inclues les personnes excer\u00e7ant apr\u00e8s l'\u00e2ge de la pension<\/a><br \/><a href=\"https:\/\/www.atlas-belgique.be\/geoclipair\/web\/?lang=fr#c=indicator&i=inasti.n_inds_indp&view=map1\">Nombre total d'ind\u00e9pendants, non inclues les personnes excer\u00e7ant apr\u00e8s l'\u00e2ge de la pension<\/a><br \/><a href=\"https:\/\/www.atlas-belgique.be\/geoclipair\/web\/?lang=fr#c=indicator&i=inasti.p_indp_sect1et2&view=map1\">Part des ind\u00e9pendants exer\u00e7ant en activit\u00e9 principale dans le secteur de l'agriculture et de la p\u00eache, non inclues les personnes excer\u00e7ant apr\u00e8s l'\u00e2ge de la pension<\/a><br \/><a href=\"https:\/\/www.atlas-belgique.be\/geoclipair\/web\/?lang=fr#c=indicator&i=inasti.p_indp_sect3&view=map1\">Part des ind\u00e9pendants exer\u00e7ant en activit\u00e9 principale dans le secteur de l'industrie et de l'artisanat, non inclues les personnes excer\u00e7ant apr\u00e8s l'\u00e2ge de la pension<\/a><br \/><a href=\"https:\/\/www.atlas-belgique.be\/geoclipair\/web\/?lang=fr#c=indicator&i=inasti.p_indp_sect4et6&view=map1\">Part des ind\u00e9pendants exer\u00e7ant en activit\u00e9 principale dans le secteur des activit\u00e9s commerciales et de services, non inclues les personnes excer\u00e7ant apr\u00e8s l'\u00e2ge de la pension<\/a><br \/><a href=\"https:\/\/www.atlas-belgique.be\/geoclipair\/web\/?lang=fr#c=indicator&i=inasti.p_indp_sect5&view=map1\">Part des ind\u00e9pendants exer\u00e7ant en activit\u00e9 principale dans le secteur des professions lib\u00e9rales, non inclues les personnes excer\u00e7ant apr\u00e8s l'\u00e2ge de la pension<\/a><br \/><a href=\"https:\/\/www.atlas-belgique.be\/geoclipair\/web\/?lang=fr#c=indicator&i=inasti.p_inds_allsect&view=map1\">Part des ind\u00e9pendants exer\u00e7ant en activit\u00e9 compl\u00e9mentaire<\/a><br \/><\/p><h3>Population active et ch\u00f4mage<\/h3><p><a href=\"https:\/\/www.atlas-belgique.be\/geoclipair\/web\/?lang=fr#c=indicator&i=emploi.part_aidants&view=map1\">Part de travailleurs familiaux 'aidants' dans la population active occup\u00e9e<\/a><br \/><a href=\"https:\/\/www.atlas-belgique.be\/geoclipair\/web\/?lang=fr#c=indicator&i=emploi.part_indep&view=map1\">Part d'ind\u00e9pendants dans la population active occup\u00e9e<\/a><br \/><a href=\"https:\/\/www.atlas-belgique.be\/geoclipair\/web\/?lang=fr#c=indicator&i=emploi.part_salaries&view=map1\">Part de salari\u00e9s dans la population active occup\u00e9e<\/a><br \/><a href=\"https:\/\/www.atlas-belgique.be\/geoclipair\/web\/?lang=fr#c=indicator&i=emploi.tactiv&view=map1\">Taux d'activit\u00e9: effectif des forces de travail (personnes occup\u00e9es ou ch\u00f4meurs) par rapport \u00e0 la population \u00e2g\u00e9e de 15 \u00e0 64 ans<\/a><br \/><a href=\"https:\/\/www.atlas-belgique.be\/geoclipair\/web\/?lang=fr#c=indicator&i=emploi.tchomage&view=map1\">Taux de ch\u00f4mage: nombre de ch\u00f4meurs sur l'effectif total des forces de travail (c\u00e0d ch\u00f4meurs + personnes occup\u00e9es)<\/a><br \/><a href=\"https:\/\/www.atlas-belgique.be\/geoclipair\/web\/?lang=fr#c=indicator&i=emploi.temploi&view=map1\">Taux d'emploi: personnes occup\u00e9es (c\u00e0d ayant un emploi) par rapport \u00e0 la population \u00e2g\u00e9e de 15 \u00e0 64 ans<\/a><br \/><\/p><h3>Population active et position socio-\u00e9conomique (Census 2011)<\/h3><p><\/p><h3>Tourisme<\/h3><p><a href=\"https:\/\/www.atlas-belgique.be\/geoclipair\/web\/?lang=fr#c=indicator&i=tour.arrivees&view=map1\">Nombre d'arriv\u00e9es touristiques<\/a><br \/><a href=\"https:\/\/www.atlas-belgique.be\/geoclipair\/web\/?lang=fr#c=indicator&i=tour.arriv_pop&view=map1\">Nombre d'arriv\u00e9es touristiques par 100 habitants de population totale r\u00e9sidente au 1er janvier<\/a><br \/><a href=\"https:\/\/www.atlas-belgique.be\/geoclipair\/web\/?lang=fr#c=indicator&i=tour.lits_etabl&view=map1\">Nombre moyen de lits par \u00e9tablissement touristique<\/a><br \/><a href=\"https:\/\/www.atlas-belgique.be\/geoclipair\/web\/?lang=fr#c=indicator&i=tour.nuitees&view=map1\">Nombre de nuit\u00e9es touristiques<\/a><br \/><a href=\"https:\/\/www.atlas-belgique.be\/geoclipair\/web\/?lang=fr#c=indicator&i=tour.nuits_arriv&view=map1\">Dur\u00e9e moyenne de s\u00e9jour touristique (nombre de nuit\u00e9es touristiques\/ nombre d'arriv\u00e9es touristiques)<\/a><br \/><a href=\"https:\/\/www.atlas-belgique.be\/geoclipair\/web\/?lang=fr#c=indicator&i=tour.nuits_pop&view=map1\">Nombre de nuit\u00e9es touristiques par 100 habitants de population totale r\u00e9sidente au 1er janvier<\/a><br \/><\/p><h3>Tourisme : \u00e9volution<\/h3><p><a href=\"https:\/\/www.atlas-belgique.be\/geoclipair\/web\/?lang=fr#c=indicator&i=tourevo.arriv_evo&view=map1\">\u00c9volution du nombre d'arriv\u00e9es touristiques entre 2007 et 2014<\/a><br \/><a href=\"https:\/\/www.atlas-belgique.be\/geoclipair\/web\/?lang=fr#c=indicator&i=tourevo.nuits_arriv_evo&view=map1\">\u00c9volution de la dur\u00e9e moyenne d'un s\u00e9jour touristique entre 2007 et 2014<\/a><br \/><a href=\"https:\/\/www.atlas-belgique.be\/geoclipair\/web\/?lang=fr#c=indicator&i=tourevo.nuits_evo&view=map1\">\u00c9volution du nombre de nuit\u00e9es touristiques entre 2007 et 2014<\/a><br \/><\/p>\n","protected":false},"excerpt":{"rendered":"","protected":false},"author":1,"featured_media":0,"parent":8,"menu_order":40,"comment_status":"closed","ping_status":"closed","template":"","meta":{"footnotes":""},"class_list":["post-836","page","type-page","status-publish","hentry"],"_links":{"self":[{"href":"https:\/\/www.atlas-belgique.be\/index.php\/wp-json\/wp\/v2\/pages\/836","targetHints":{"allow":["GET"]}}],"collection":[{"href":"https:\/\/www.atlas-belgique.be\/index.php\/wp-json\/wp\/v2\/pages"}],"about":[{"href":"https:\/\/www.atlas-belgique.be\/index.php\/wp-json\/wp\/v2\/types\/page"}],"author":[{"embeddable":true,"href":"https:\/\/www.atlas-belgique.be\/index.php\/wp-json\/wp\/v2\/users\/1"}],"replies":[{"embeddable":true,"href":"https:\/\/www.atlas-belgique.be\/index.php\/wp-json\/wp\/v2\/comments?post=836"}],"version-history":[{"count":0,"href":"https:\/\/www.atlas-belgique.be\/index.php\/wp-json\/wp\/v2\/pages\/836\/revisions"}],"up":[{"embeddable":true,"href":"https:\/\/www.atlas-belgique.be\/index.php\/wp-json\/wp\/v2\/pages\/8"}],"wp:attachment":[{"href":"https:\/\/www.atlas-belgique.be\/index.php\/wp-json\/wp\/v2\/media?parent=836"}],"curies":[{"name":"wp","href":"https:\/\/api.w.org\/{rel}","templated":true}]}}