{"id":838,"date":"2019-02-14T00:59:52","date_gmt":"2019-02-13T23:59:52","guid":{"rendered":"http:\/\/www.atlas-belgique.be\/?page_id=838"},"modified":"2019-02-14T00:59:53","modified_gmt":"2019-02-13T23:59:53","slug":"population","status":"publish","type":"page","link":"https:\/\/www.atlas-belgique.be\/index.php\/fr\/atlas-numerique\/population\/","title":{"rendered":"Population"},"content":{"rendered":"<h3>Population totale<\/h3><p><\/p><h3>Nationalit\u00e9s<\/h3><p><\/p><h3>Dynamique de population<\/h3><p><\/p><h3>M\u00e9nages<\/h3><p><\/p><h3>Niveau d'\u00e9ducation<\/h3><p><\/p><h3>Structure par \u00e2ge<\/h3><p><a href=\"https:\/\/www.atlas-belgique.be\/geoclipair\/web\/?lang=fr#c=indicator&i=popsexage.f0_14&view=map1\">Population f\u00e9minine \u00e2g\u00e9e de moins de 15 ans<\/a><br \/><a href=\"https:\/\/www.atlas-belgique.be\/geoclipair\/web\/?lang=fr#c=indicator&i=popsexage.f15_64&view=map1\">Population f\u00e9minine \u00e2g\u00e9e de 15 \u00e0 64 ans<\/a><br \/><a href=\"https:\/\/www.atlas-belgique.be\/geoclipair\/web\/?lang=fr#c=indicator&i=popsexage.f65&view=map1\">Population f\u00e9minine \u00e2g\u00e9e de 65 ans et plus<\/a><br \/><a href=\"https:\/\/www.atlas-belgique.be\/geoclipair\/web\/?lang=fr#c=indicator&i=popsexage.h0_14&view=map1\">Population masculine \u00e2g\u00e9e de 0 \u00e0 14 ans<\/a><br \/><a href=\"https:\/\/www.atlas-belgique.be\/geoclipair\/web\/?lang=fr#c=indicator&i=popsexage.h15_64&view=map1\">Population masculine \u00e2g\u00e9e de 15 \u00e0 64 ans<\/a><br \/><a href=\"https:\/\/www.atlas-belgique.be\/geoclipair\/web\/?lang=fr#c=indicator&i=popsexage.h65&view=map1\">Population masculine \u00e2g\u00e9e de 65 ans et plus<\/a><br \/><a href=\"https:\/\/www.atlas-belgique.be\/geoclipair\/web\/?lang=fr#c=indicator&i=popsexage.p_f0_14&view=map1\">Part de la population f\u00e9minine de moins de 15 ans de la population totale<\/a><br \/><a href=\"https:\/\/www.atlas-belgique.be\/geoclipair\/web\/?lang=fr#c=indicator&i=popsexage.p_f15_64&view=map1\">Part de la population f\u00e9minine \u00e2g\u00e9e de 15-64 ans de la population totale<\/a><br \/><a href=\"https:\/\/www.atlas-belgique.be\/geoclipair\/web\/?lang=fr#c=indicator&i=popsexage.p_f65&view=map1\">Part de la population f\u00e9minine \u00e2g\u00e9e de 65 ans et + dans la population<\/a><br \/><a href=\"https:\/\/www.atlas-belgique.be\/geoclipair\/web\/?lang=fr#c=indicator&i=popsexage.p_h0_14&view=map1\">Part de la population masculine \u00e2g\u00e9e de 0-14 ans dans la population totale<\/a><br \/><a href=\"https:\/\/www.atlas-belgique.be\/geoclipair\/web\/?lang=fr#c=indicator&i=popsexage.p_h15_64&view=map1\">Part de la population masculine \u00e2g\u00e9e de 15 \u00e0 64 ans dans la population totale<\/a><br \/><a href=\"https:\/\/www.atlas-belgique.be\/geoclipair\/web\/?lang=fr#c=indicator&i=popsexage.p_h65&view=map1\">Part de la population masculine \u00e2g\u00e9e de 65 ans et + dans la population totale<\/a><br \/><a href=\"https:\/\/www.atlas-belgique.be\/geoclipair\/web\/?lang=fr#c=indicator&i=popsexage.p_t0_14&view=map1\">Part de la population \u00e2g\u00e9e de moins de 15 ans dans la population totale<\/a><br \/><a href=\"https:\/\/www.atlas-belgique.be\/geoclipair\/web\/?lang=fr#c=indicator&i=popsexage.p_t15_64&view=map1\">Part de la population \u00e2g\u00e9e de 15-64 ans dans la population totale<\/a><br \/><a href=\"https:\/\/www.atlas-belgique.be\/geoclipair\/web\/?lang=fr#c=indicator&i=popsexage.p_t65&view=map1\">Part de la population \u00e2g\u00e9e de plus de 64 ans dans la population totale<\/a><br \/><a href=\"https:\/\/www.atlas-belgique.be\/geoclipair\/web\/?lang=fr#c=indicator&i=popsexage.t0_14&view=map1\">Population \u00e2g\u00e9e de moins de 15 ans<\/a><br \/><a href=\"https:\/\/www.atlas-belgique.be\/geoclipair\/web\/?lang=fr#c=indicator&i=popsexage.t15_64&view=map1\">Population \u00e2g\u00e9e de 15 \u00e0 64 ans<\/a><br \/><a href=\"https:\/\/www.atlas-belgique.be\/geoclipair\/web\/?lang=fr#c=indicator&i=popsexage.t65&view=map1\">Population \u00e2g\u00e9e de 65 ans et plus<\/a><br \/><a href=\"https:\/\/www.atlas-belgique.be\/geoclipair\/web\/?lang=fr#c=indicator&i=popsexage.txdep&view=map1\">Taux de d\u00e9pendance d\u00e9mographique (population \u00e2g\u00e9e de moins de 15 ans et de plus de 64 ans \/ population \u00e2g\u00e9e de 15 \u00e0 64 ans)<\/a><br \/><a href=\"https:\/\/www.atlas-belgique.be\/geoclipair\/web\/?lang=fr#c=indicator&i=popsexage.txdepv&view=map1\">Taux de d\u00e9pendance vieillissement (population de plus de 64 ans \/  population de 14 \u00e0 64 ans)<\/a><br \/><a href=\"https:\/\/www.atlas-belgique.be\/geoclipair\/web\/?lang=fr#c=indicator&i=popsexage.txsenil&view=map1\">Taux de s\u00e9nilit\u00e9 (Population 65 ans et plus\/moins de 15 ans)<\/a><br \/><\/p><h3>Structure par \u00e2ge - \u00e9volution<\/h3><p><\/p><h3>Typologie structure par \u00e2ge<\/h3><p><\/p><h3>Revenus fiscaux<\/h3><p><\/p><h3>Transport<\/h3><p><\/p>\n","protected":false},"excerpt":{"rendered":"","protected":false},"author":1,"featured_media":0,"parent":8,"menu_order":50,"comment_status":"closed","ping_status":"closed","template":"","meta":{"footnotes":""},"class_list":["post-838","page","type-page","status-publish","hentry"],"_links":{"self":[{"href":"https:\/\/www.atlas-belgique.be\/index.php\/wp-json\/wp\/v2\/pages\/838","targetHints":{"allow":["GET"]}}],"collection":[{"href":"https:\/\/www.atlas-belgique.be\/index.php\/wp-json\/wp\/v2\/pages"}],"about":[{"href":"https:\/\/www.atlas-belgique.be\/index.php\/wp-json\/wp\/v2\/types\/page"}],"author":[{"embeddable":true,"href":"https:\/\/www.atlas-belgique.be\/index.php\/wp-json\/wp\/v2\/users\/1"}],"replies":[{"embeddable":true,"href":"https:\/\/www.atlas-belgique.be\/index.php\/wp-json\/wp\/v2\/comments?post=838"}],"version-history":[{"count":0,"href":"https:\/\/www.atlas-belgique.be\/index.php\/wp-json\/wp\/v2\/pages\/838\/revisions"}],"up":[{"embeddable":true,"href":"https:\/\/www.atlas-belgique.be\/index.php\/wp-json\/wp\/v2\/pages\/8"}],"wp:attachment":[{"href":"https:\/\/www.atlas-belgique.be\/index.php\/wp-json\/wp\/v2\/media?parent=838"}],"curies":[{"name":"wp","href":"https:\/\/api.w.org\/{rel}","templated":true}]}}